{"id":78,"date":"2012-07-04T17:42:05","date_gmt":"2012-07-04T17:42:05","guid":{"rendered":"http:\/\/localhost:8888\/marathonWP\/?page_id=78"},"modified":"2022-04-13T09:30:27","modified_gmt":"2022-04-13T09:30:27","slug":"paroles-de-coureurs","status":"publish","type":"page","link":"https:\/\/www.marathon-dunkerque.com\/?page_id=78","title":{"rendered":"Paroles de coureurs"},"content":{"rendered":"<h4>Ami(e)s coureurs, fa\u00eetes-nous part de vos remarques, le ressenti de votre course, nous nous ferons un plaisir de le faire partager et de continuer \u00e0 s&rsquo;am\u00e9liorer&#8230;<\/h4>\n<p><strong>Nous vous donnons la parole :<\/strong><\/p>\n<p>Bonjour et merci une nouvelle fois pour la r\u00e9compense re\u00e7ue ce jour. Ce semi 2022 aura \u00e9t\u00e9 un peu froid mais fort bien organis\u00e9. Sportivement.\u00a0 \u00a0<strong style=\"font-size: inherit;\">Jean-Fran\u00e7ois R<\/strong><\/p>\n<p>******************************<\/p>\n<div dir=\"auto\">Un petit mail de remerciement,<\/div>\n<div dir=\"auto\">\n<div dir=\"auto\">Bravo pour l&rsquo;organisation c&rsquo;\u00e9t\u00e9 Top, pour ma premi\u00e8re course je suis ravi. Super parcours , dont une bonne partie en pleine nature, les organisateurs nous encourage, le ravitaillement, etc&#8230;..bon esprit.<\/div>\n<div dir=\"auto\">Merci et \u00e0 l&rsquo;ann\u00e9e prochaine !<\/div>\n<div dir=\"auto\"><strong>Eric K<\/strong><\/div>\n<\/div>\n<div dir=\"auto\"><\/div>\n<div dir=\"auto\">******************************<\/div>\n<p><span style=\"color: #339966;\">B\u200conjour Messieurs,<\/span><br \/>\n<span style=\"color: #339966;\">Par ce mail, je tenais \u00e0 vous remercier pour votre r\u00e9activit\u00e9 et pour avoir fait le n\u00e9cessaire concernant mon inscription. J&rsquo;ai pu r\u00e9cup\u00e9rer mon dossard sans probl\u00e8me, l&rsquo;organisation \u00e9tait parfaite.<\/span><br \/>\n<span style=\"color: #339966;\">Je tiens \u00e9galement \u00e0 exprimer ma gratitude \u00e0 l&rsquo;ensemble des b\u00e9n\u00e9voles. Malgr\u00e9 des conditions m\u00e9t\u00e9o difficiles, chacun(e) avait le sourire et nous a encourag\u00e9 chaleureusement tout au long du parcours, depuis la remise des dossards et jusqu&rsquo;\u00e0 apr\u00e8s la ligne d&rsquo;arriv\u00e9e. Consciente de l&rsquo;engagement que cela repr\u00e9sente; j&rsquo;aimerais qu&rsquo;ils sachent que leurs efforts sont hautement appr\u00e9ci\u00e9s.<\/span><br \/>\n<span style=\"color: #339966;\">Encore un grand merci \u00e0 vous,<\/span><br \/>\n<span style=\"color: #339966;\">Bien cordialement,<\/span><br \/>\n<span style=\"color: #339966;\">Anne<\/span><\/p>\n<p style=\"font-weight: 400;\"><span style=\"color: #993366;\">Je serai certainement au d\u00e9part \u00e0 la prochaine \u00e9dition. J\u2019ai beaucoup aim\u00e9 le parcours.\u00a0Vous habitez une belle r\u00e9gion.\u00a0Bien amicalement. Corinne de Valence.<\/span><\/p>\n<p>**********************************************************************************************************<\/p>\n<h4>Ami(e)s coureurs, fa\u00eetes-nous part de vos remarques, le ressenti de votre course <span style=\"color: #993366;\">2018<\/span>, nous nous ferons un plaisir de le faire partager et de continuer \u00e0 s&rsquo;am\u00e9liorer&#8230;<\/h4>\n<p><strong>Didier Pruvost<\/strong>. Pas grand chose \u00e0 dire juste que j&rsquo;aime courir sur ses routes de ma r\u00e9gion.<\/p>\n<p><strong>Bruno Deconinck<\/strong> Un grand merci aux photographes du Club de Courir \u00e0 Gravelines pour ces belles photos et bons souvenirs.<\/p>\n<p><strong>Nathalie D&rsquo;Hondt<\/strong> Y croire! toujours y croire !! 1h53 pour boucler le Semi-marathon du Carnaval!<\/p>\n<p><strong>T\u00e9rence<\/strong> toujours vaillant et allant de l&rsquo;avant est devenu Semi-marathonien \u00e0 l&rsquo;occasion du Semi-marathon du carnaval \u00e0 Dunkerque ce 17 mars. pas mal pour un gar\u00e7on de 6 ans. bon ok ! vous l&rsquo;avez vu, c&rsquo;est un super h\u00e9ros : Buzz l&rsquo;\u00e9clair. Donc rien d&rsquo;\u00e9tonnant \u00e0 Cela. \u00e0 noter la pr\u00e9sence d&rsquo;une partie de la TEAM \u00ab\u00a0Paris 2020\u00a0\u00bb St\u00e9phane, Romain, Sophie et moi-m\u00eame. T\u00e9rence en go\u00e9lette. Pour mieux conna\u00eetre T\u00e9rence ,allez sur le lien ci-dessous : www.facebook.com\/PARIS-2020-un-marathon-pour-T\u00e9rence<\/p>\n<p><strong>Franck Depature<\/strong> Une bonne pr\u00e9pa, un super week-end charg\u00e9 et un rp au Semi-marathon du Carnaval: 1h26\u201940, 79e sur 834 (-3\u2019 sur mon tps de 2016).<br \/>\nY\u2019en a m\u00eame qui disent qu\u2019ils l\u2019ont vu voler&#8230;<\/p>\n<p><strong>Maxime H\u00e9roguer<\/strong> Ce matin c&rsquo;\u00e9tait le Semi-marathon du Carnaval apr\u00e8s 2 weekends hauts en couleur ! Je suis parti plus vite cette ann\u00e9e du coup assez vite dans le dur \u00e0 partir du 13eme km&#8230; Pas mal de vent sur le retour, tout le monde me double un par un. Quelle \u00e9motion quand tu vois la famille et les copains t&rsquo;encourager \u00e0 la fin. 1h50 soit 5 min de moins que l&rsquo;ann\u00e9e derni\u00e8re.<br \/>\nProchain course \u00e0 Grande Synthe le 07 avril.<\/p>\n<p><strong>Emilie Venza Demeyer<\/strong> Victoire ce matin au Semi-marathon du Carnaval. Partie s\u00fbrement trop vite, ce qui m a valu de petits soucis \u00e0 partir du 10e km, seule face au vent. Heureusement que j ai trouv\u00e9 du soutien dans le bois pour passer au mieux ce moment difficile. Le point positif : les jambes \u00e9taient au top. Merci \u00e0 mes compagnons de route, mes amis cyclistes l\u00e0 pour m encourager \u00e0 diff\u00e9rents points, aux spectateurs et b\u00e9n\u00e9voles qui m ont inond\u00e9 d encouragements&#8230;.et bien s\u00fbr aux organisateurs. Il me manquait juste un paravent. #elan59 #runningconseil.<\/p>\n<p><strong>Nikko Soudain, David Battesti et Julie Battesti<\/strong> \u00e0 Dunkerque. Allez on continue!!! 31 \u00e8me sur 834 du semi Semi-marathon du Carnaval de Dunkerque. 23\u00e8me seniors. 1h21&rsquo;17 en mettant le pr\u00e9c\u00e9dent RP a 2&rsquo;30. Prochaine \u00e9tape sur 10 km samedi prochain \u00e0 Guines.<\/p>\n<p><strong>Maxime H\u00e9roguer<\/strong> Et voil\u00e0, premier Semi-marathon du Carnaval boucl\u00e9 \u270c\ufe0f????<br \/>\nSur la ligne de d\u00e9part \u00e0 9h50, le coup de ???? met une plombe et me voil\u00e0 parti ! Premiers kms tranquilles, il y a du monde, une bonne ambiance, \u00e7a r\u00e9chauffe avec ce froid.<br \/>\nUn peu apr\u00e8s le magasin qui commence par Co et qui finit par Ra, voici mon p\u00e8re Tophe Hgu et mon fr\u00e8re Alex Hero sur leur ???? : \u00ab\u00a0Aleeeeex, il est l\u00e0\u00e0\u00e0\u00e0 !\u00a0\u00bb \u00c7a fait plaisir d&rsquo;avoir une assistance, j&rsquo;ai l&rsquo;impression d&rsquo;\u00eatre au tour de France !<\/p>\n<p><strong>Bertrand Butez Mondhir F\u00e9kir<\/strong>, on cours pour Elsa contre la mucoviscidose. Merci d&rsquo;avoir donn\u00e9 un peu de souffle pour Elsa et bravo \u00e0 vous 3 ???? !!<\/p>\n<p><strong>Mondhir F\u00e9kir<\/strong>. Je veux rassurer les coureurs du semi. J\u2019ai juste \u00e9t\u00e9 victime d\u2019un petit malaise vagal au 16\u00e8me KM mais je vais mieux.<br \/>\nMerci aux spectateurs pour les encouragements, merci aux personnes m\u2019ayant pris en charge. Du repos et sa repart !!!!<\/p>\n<p><strong>Olivier Lyoen est avec Lyoen Des Flandres et Valentin Godet<\/strong>. 6h du matin le r\u00e9veil sonne, je descends et constate qu&rsquo;Evelyne Dh\u00e9liat n&rsquo;a pas menti, -2\u00b0 et ressenti&#8230; bien moins encore gr\u00e2ce au vent ! La grippe et la bronchite m&rsquo;ont bien ralenti dans ma pr\u00e9pa alors plut\u00f4t que de me battre contre l&rsquo;impitoyable chrono ????\u23f1\ufe0f sur le Semi-marathon du Carnaval. \u00c7a part plut\u00f4t vite&#8230;.<\/p>\n","protected":false},"excerpt":{"rendered":"<p>Ami(e)s coureurs, fa\u00eetes-nous part de vos remarques, le ressenti de votre course, nous nous ferons un plaisir de le faire partager et de continuer \u00e0 s&rsquo;am\u00e9liorer&#8230; Nous vous donnons la parole : Bonjour et merci une nouvelle fois pour la r\u00e9compense re\u00e7ue ce jour. Ce semi 2022 aura \u00e9t\u00e9 un peu froid mais fort bien [&hellip;]<\/p>\n","protected":false},"author":1,"featured_media":0,"parent":0,"menu_order":4,"comment_status":"closed","ping_status":"closed","template":"","meta":{"footnotes":""},"_links":{"self":[{"href":"https:\/\/www.marathon-dunkerque.com\/index.php?rest_route=\/wp\/v2\/pages\/78"}],"collection":[{"href":"https:\/\/www.marathon-dunkerque.com\/index.php?rest_route=\/wp\/v2\/pages"}],"about":[{"href":"https:\/\/www.marathon-dunkerque.com\/index.php?rest_route=\/wp\/v2\/types\/page"}],"author":[{"embeddable":true,"href":"https:\/\/www.marathon-dunkerque.com\/index.php?rest_route=\/wp\/v2\/users\/1"}],"replies":[{"embeddable":true,"href":"https:\/\/www.marathon-dunkerque.com\/index.php?rest_route=%2Fwp%2Fv2%2Fcomments&post=78"}],"version-history":[{"count":59,"href":"https:\/\/www.marathon-dunkerque.com\/index.php?rest_route=\/wp\/v2\/pages\/78\/revisions"}],"predecessor-version":[{"id":3747,"href":"https:\/\/www.marathon-dunkerque.com\/index.php?rest_route=\/wp\/v2\/pages\/78\/revisions\/3747"}],"wp:attachment":[{"href":"https:\/\/www.marathon-dunkerque.com\/index.php?rest_route=%2Fwp%2Fv2%2Fmedia&parent=78"}],"curies":[{"name":"wp","href":"https:\/\/api.w.org\/{rel}","templated":true}]}}