{"id":37,"date":"2012-06-21T18:23:59","date_gmt":"2012-06-21T18:23:59","guid":{"rendered":"http:\/\/localhost:8888\/marathonWP\/?page_id=37"},"modified":"2026-04-29T07:35:45","modified_gmt":"2026-04-29T07:35:45","slug":"plan-et-acces","status":"publish","type":"page","link":"https:\/\/www.marathon-dunkerque.com\/?page_id=37","title":{"rendered":"Horaires, plan et acc\u00e8s."},"content":{"rendered":"\n<p><\/p>\n\n\n<p><strong>page en travaux&#8230;<\/strong><\/p>\n<p><strong>Le d\u00e9part et l&rsquo;arriv\u00e9e du semi marathon seront donn\u00e9 derri\u00e8re le stade de Flandre (Rue Albert Mahieu) \u00e0 Dunkerque (identique aux anciennes \u00e9ditions). Retrait des dossards salle Delaporte du Stade de Flandre le samedi xxx 2027 de 14h \u00e0 18h et le dimanche xxx (d\u00e8s 7h) au plus tard 30mn avant le d\u00e9but de votre \u00e9preuve.<\/strong><\/p>\n<h4><strong>Coordonn\u00e9es GPS du lieu des d\u00e9parts et arriv\u00e9es des 2 courses :<\/strong><\/h4>\n<h4><strong>Rue Albert Mahieu \u00e0 Dunkerque, France<\/strong><\/h4>\n<h4><strong>Coordonn\u00e9es GPS : Latitude : 51.028004 | Longitude : 2.378523<\/strong><\/h4>\n<p><strong>Par la route<\/strong><br \/>Autoroute A16 : Prendre la sortie A62 de l\u2018autoroute A16 et suivre la direction :<br \/>Dunkerque \u2013 Malo les Bains<br \/>Dunkerque &#8211; Centre<br \/>Dunkerque -Centre \u00ab\u00a0Centre Hospitalier de Dunkerque\u00a0\u00bb.<br \/>Vous passez \u00e0 proximit\u00e9 du stade (Stade de Flandres), avenue de Rosendael.<\/p>\n<p><strong>Par TGV &#8211; BUS<\/strong><\/p>\n<p>La gare est situ\u00e9e \u00e0 proximit\u00e9 du centre ville de Dunkerque<br \/>Prendre la liaison bus \u00ab\u00a0DK Bus\u00a0\u00bb n\u00b0 1 et descendre \u00e0 l\u2019arr\u00eat \u00ab Stade Tribut \u00bb, nous tenons \u00e0 vous pr\u00e9ciser la gratuit\u00e9 des autobus.<\/p>\n<p>Pour\u00a0 info, quelques d\u00e9viations seront apport\u00e9es aux lignes C1, C3 et C6A.\u00a0<\/p>\n<p><strong>Par la Route<\/strong><br \/>Autoroute A16 : Prendre la sortie 60 (nouvelle num\u00e9rotation) de l\u2018autoroute A16 et suivre la direction :<br \/>Cappelle La Grande \/ Coudekerque-Branche Centre.<\/p>\n<p><strong>Par TGV<\/strong><br \/>La gare est situ\u00e9e \u00e0 proximit\u00e9 du centre ville de Dunkerque, environ15mn \u00e0 pied.<\/p>\n<p><strong>Coordonn\u00e9es GPS du lieu d&rsquo;arriv\u00e9e :<br \/>latitude 51.015681 et longitude 2.3970460000000458<\/strong><\/p>","protected":false},"excerpt":{"rendered":"<p>page en travaux&#8230; Le d\u00e9part et l&rsquo;arriv\u00e9e du semi marathon seront donn\u00e9 derri\u00e8re le stade de Flandre (Rue Albert Mahieu) \u00e0 Dunkerque (identique aux anciennes \u00e9ditions). Retrait des dossards salle Delaporte du Stade de Flandre le samedi xxx 2027 de 14h \u00e0 18h et le dimanche xxx (d\u00e8s 7h) au plus tard 30mn avant le [&hellip;]<\/p>\n","protected":false},"author":1,"featured_media":0,"parent":0,"menu_order":5,"comment_status":"closed","ping_status":"open","template":"","meta":{"footnotes":""},"_links":{"self":[{"href":"https:\/\/www.marathon-dunkerque.com\/index.php?rest_route=\/wp\/v2\/pages\/37"}],"collection":[{"href":"https:\/\/www.marathon-dunkerque.com\/index.php?rest_route=\/wp\/v2\/pages"}],"about":[{"href":"https:\/\/www.marathon-dunkerque.com\/index.php?rest_route=\/wp\/v2\/types\/page"}],"author":[{"embeddable":true,"href":"https:\/\/www.marathon-dunkerque.com\/index.php?rest_route=\/wp\/v2\/users\/1"}],"replies":[{"embeddable":true,"href":"https:\/\/www.marathon-dunkerque.com\/index.php?rest_route=%2Fwp%2Fv2%2Fcomments&post=37"}],"version-history":[{"count":104,"href":"https:\/\/www.marathon-dunkerque.com\/index.php?rest_route=\/wp\/v2\/pages\/37\/revisions"}],"predecessor-version":[{"id":5161,"href":"https:\/\/www.marathon-dunkerque.com\/index.php?rest_route=\/wp\/v2\/pages\/37\/revisions\/5161"}],"wp:attachment":[{"href":"https:\/\/www.marathon-dunkerque.com\/index.php?rest_route=%2Fwp%2Fv2%2Fmedia&parent=37"}],"curies":[{"name":"wp","href":"https:\/\/api.w.org\/{rel}","templated":true}]}}