{"id":1480,"date":"2015-02-17T17:00:48","date_gmt":"2015-02-17T17:00:48","guid":{"rendered":"http:\/\/www.marathon-dunkerque.com\/?page_id=1480"},"modified":"2026-04-03T08:01:47","modified_gmt":"2026-04-03T08:01:47","slug":"liste-des-inscrits","status":"publish","type":"page","link":"https:\/\/www.marathon-dunkerque.com\/?page_id=1480","title":{"rendered":"R\u00e9sultats Vid\u00e9os Photos Semi"},"content":{"rendered":"<p>R\u00e9sultats des courses 2026 :<\/p>\n<p><a href=\"http:\/\/www.marathon-dunkerque.com\/wp-content\/uploads\/Resultats-Course-des-Jeunes-2026-3.pdf\">R\u00e9sultats Course des Jeunes 2026<\/a><\/p>\n<p><a href=\"http:\/\/www.marathon-dunkerque.com\/wp-content\/uploads\/Resultats-10km-2026.pdf\">R\u00e9sultats 10km &#8211; 2026<\/a><\/p>\n<p><a href=\"http:\/\/www.marathon-dunkerque.com\/wp-content\/uploads\/21km-corrige-au-01.04.2026.pdf\">21km corrig\u00e9 au 01.04.2026<\/a><\/p>\n<p><a href=\"http:\/\/www.marathon-dunkerque.com\/wp-content\/uploads\/IMG_9385-bis-scaled.jpg\"><img loading=\"lazy\" decoding=\"async\" class=\"alignnone size-medium wp-image-5099\" src=\"http:\/\/www.marathon-dunkerque.com\/wp-content\/uploads\/IMG_9385-bis-300x181.jpg\" alt=\"\" width=\"300\" height=\"181\" srcset=\"https:\/\/www.marathon-dunkerque.com\/wp-content\/uploads\/IMG_9385-bis-300x181.jpg 300w, https:\/\/www.marathon-dunkerque.com\/wp-content\/uploads\/IMG_9385-bis-1024x618.jpg 1024w, https:\/\/www.marathon-dunkerque.com\/wp-content\/uploads\/IMG_9385-bis-768x463.jpg 768w, https:\/\/www.marathon-dunkerque.com\/wp-content\/uploads\/IMG_9385-bis-1536x927.jpg 1536w, https:\/\/www.marathon-dunkerque.com\/wp-content\/uploads\/IMG_9385-bis-2048x1236.jpg 2048w\" sizes=\"(max-width: 300px) 100vw, 300px\" \/><\/a><\/p>\n<p>Merci aux \u00e9lus de la ville de Dunkerque d&rsquo;\u00eatre pr\u00e9sents lors de la remise des r\u00e9compenses<\/p>\n<p><a href=\"http:\/\/www.marathon-dunkerque.com\/wp-content\/uploads\/IMG_9374-scaled.jpg\"><img loading=\"lazy\" decoding=\"async\" class=\"alignnone size-medium wp-image-5109\" src=\"http:\/\/www.marathon-dunkerque.com\/wp-content\/uploads\/IMG_9374-300x200.jpg\" alt=\"\" width=\"300\" height=\"200\" srcset=\"https:\/\/www.marathon-dunkerque.com\/wp-content\/uploads\/IMG_9374-300x200.jpg 300w, https:\/\/www.marathon-dunkerque.com\/wp-content\/uploads\/IMG_9374-1024x683.jpg 1024w, https:\/\/www.marathon-dunkerque.com\/wp-content\/uploads\/IMG_9374-768x512.jpg 768w, https:\/\/www.marathon-dunkerque.com\/wp-content\/uploads\/IMG_9374-1536x1024.jpg 1536w, https:\/\/www.marathon-dunkerque.com\/wp-content\/uploads\/IMG_9374-2048x1365.jpg 2048w\" sizes=\"(max-width: 300px) 100vw, 300px\" \/><\/a><\/p>\n<p><a href=\"http:\/\/www.marathon-dunkerque.com\/wp-content\/uploads\/IMG_9387-scaled.jpg\"><img loading=\"lazy\" decoding=\"async\" class=\"alignnone size-medium wp-image-5110\" src=\"http:\/\/www.marathon-dunkerque.com\/wp-content\/uploads\/IMG_9387-300x220.jpg\" alt=\"\" width=\"300\" height=\"220\" srcset=\"https:\/\/www.marathon-dunkerque.com\/wp-content\/uploads\/IMG_9387-300x220.jpg 300w, https:\/\/www.marathon-dunkerque.com\/wp-content\/uploads\/IMG_9387-1024x751.jpg 1024w, https:\/\/www.marathon-dunkerque.com\/wp-content\/uploads\/IMG_9387-768x563.jpg 768w, https:\/\/www.marathon-dunkerque.com\/wp-content\/uploads\/IMG_9387-1536x1127.jpg 1536w, https:\/\/www.marathon-dunkerque.com\/wp-content\/uploads\/IMG_9387-2048x1502.jpg 2048w\" sizes=\"(max-width: 300px) 100vw, 300px\" \/><\/a><\/p>\n<p><a href=\"http:\/\/www.marathon-dunkerque.com\/wp-content\/uploads\/IMG_9403-scaled.jpg\"><img loading=\"lazy\" decoding=\"async\" class=\"alignnone size-medium wp-image-5111\" src=\"http:\/\/www.marathon-dunkerque.com\/wp-content\/uploads\/IMG_9403-300x140.jpg\" alt=\"\" width=\"300\" height=\"140\" srcset=\"https:\/\/www.marathon-dunkerque.com\/wp-content\/uploads\/IMG_9403-300x140.jpg 300w, https:\/\/www.marathon-dunkerque.com\/wp-content\/uploads\/IMG_9403-1024x478.jpg 1024w, https:\/\/www.marathon-dunkerque.com\/wp-content\/uploads\/IMG_9403-768x359.jpg 768w, https:\/\/www.marathon-dunkerque.com\/wp-content\/uploads\/IMG_9403-1536x717.jpg 1536w, https:\/\/www.marathon-dunkerque.com\/wp-content\/uploads\/IMG_9403-2048x957.jpg 2048w\" sizes=\"(max-width: 300px) 100vw, 300px\" \/><\/a><\/p>\n<p><a href=\"http:\/\/www.marathon-dunkerque.com\/wp-content\/uploads\/IMG_9515-scaled.jpg\"><img loading=\"lazy\" decoding=\"async\" class=\"alignnone size-medium wp-image-5104\" src=\"http:\/\/www.marathon-dunkerque.com\/wp-content\/uploads\/IMG_9515-300x200.jpg\" alt=\"\" width=\"300\" height=\"200\" srcset=\"https:\/\/www.marathon-dunkerque.com\/wp-content\/uploads\/IMG_9515-300x200.jpg 300w, https:\/\/www.marathon-dunkerque.com\/wp-content\/uploads\/IMG_9515-1024x682.jpg 1024w, https:\/\/www.marathon-dunkerque.com\/wp-content\/uploads\/IMG_9515-768x511.jpg 768w, https:\/\/www.marathon-dunkerque.com\/wp-content\/uploads\/IMG_9515-1536x1023.jpg 1536w, https:\/\/www.marathon-dunkerque.com\/wp-content\/uploads\/IMG_9515-2048x1363.jpg 2048w\" sizes=\"(max-width: 300px) 100vw, 300px\" \/><\/a><\/p>\n<p>Hicham Briki laur\u00e9at du semi de l&rsquo;\u00e9dition 2026<\/p>\n<p><a href=\"http:\/\/www.marathon-dunkerque.com\/wp-content\/uploads\/IMG_9406-Copie-scaled.jpg\"><img loading=\"lazy\" decoding=\"async\" class=\"alignnone size-medium wp-image-5100\" src=\"http:\/\/www.marathon-dunkerque.com\/wp-content\/uploads\/IMG_9406-Copie-300x200.jpg\" alt=\"\" width=\"300\" height=\"200\" srcset=\"https:\/\/www.marathon-dunkerque.com\/wp-content\/uploads\/IMG_9406-Copie-300x200.jpg 300w, https:\/\/www.marathon-dunkerque.com\/wp-content\/uploads\/IMG_9406-Copie-1024x683.jpg 1024w, https:\/\/www.marathon-dunkerque.com\/wp-content\/uploads\/IMG_9406-Copie-768x512.jpg 768w, https:\/\/www.marathon-dunkerque.com\/wp-content\/uploads\/IMG_9406-Copie-1536x1024.jpg 1536w, https:\/\/www.marathon-dunkerque.com\/wp-content\/uploads\/IMG_9406-Copie-2048x1366.jpg 2048w\" sizes=\"(max-width: 300px) 100vw, 300px\" \/><\/a><\/p>\n<p><a href=\"http:\/\/www.marathon-dunkerque.com\/wp-content\/uploads\/IMG_9459-bis-scaled.jpg\"><img loading=\"lazy\" decoding=\"async\" class=\"alignnone size-medium wp-image-5101\" src=\"http:\/\/www.marathon-dunkerque.com\/wp-content\/uploads\/IMG_9459-bis-300x236.jpg\" alt=\"\" width=\"300\" height=\"236\" srcset=\"https:\/\/www.marathon-dunkerque.com\/wp-content\/uploads\/IMG_9459-bis-300x236.jpg 300w, https:\/\/www.marathon-dunkerque.com\/wp-content\/uploads\/IMG_9459-bis-1024x807.jpg 1024w, https:\/\/www.marathon-dunkerque.com\/wp-content\/uploads\/IMG_9459-bis-768x605.jpg 768w, https:\/\/www.marathon-dunkerque.com\/wp-content\/uploads\/IMG_9459-bis-1536x1211.jpg 1536w, https:\/\/www.marathon-dunkerque.com\/wp-content\/uploads\/IMG_9459-bis-2048x1614.jpg 2048w\" sizes=\"(max-width: 300px) 100vw, 300px\" \/><\/a><\/p>\n<p><a href=\"http:\/\/www.marathon-dunkerque.com\/wp-content\/uploads\/IMG_9492-bis-scaled.jpg\"><img loading=\"lazy\" decoding=\"async\" class=\"alignnone size-medium wp-image-5102\" src=\"http:\/\/www.marathon-dunkerque.com\/wp-content\/uploads\/IMG_9492-bis-300x249.jpg\" alt=\"\" width=\"300\" height=\"249\" srcset=\"https:\/\/www.marathon-dunkerque.com\/wp-content\/uploads\/IMG_9492-bis-300x249.jpg 300w, https:\/\/www.marathon-dunkerque.com\/wp-content\/uploads\/IMG_9492-bis-1024x849.jpg 1024w, https:\/\/www.marathon-dunkerque.com\/wp-content\/uploads\/IMG_9492-bis-768x637.jpg 768w, https:\/\/www.marathon-dunkerque.com\/wp-content\/uploads\/IMG_9492-bis-1536x1273.jpg 1536w, https:\/\/www.marathon-dunkerque.com\/wp-content\/uploads\/IMG_9492-bis-2048x1698.jpg 2048w\" sizes=\"(max-width: 300px) 100vw, 300px\" \/><\/a><\/p>\n<p>Les \u00ab\u00a0vieux briscards\u00a0\u00bb toujours fid\u00e8les !<\/p>\n<p><a href=\"http:\/\/www.marathon-dunkerque.com\/wp-content\/uploads\/IMG_9496-scaled.jpg\"><img loading=\"lazy\" decoding=\"async\" class=\"alignnone size-medium wp-image-5103\" src=\"http:\/\/www.marathon-dunkerque.com\/wp-content\/uploads\/IMG_9496-300x200.jpg\" alt=\"\" width=\"300\" height=\"200\" srcset=\"https:\/\/www.marathon-dunkerque.com\/wp-content\/uploads\/IMG_9496-300x200.jpg 300w, https:\/\/www.marathon-dunkerque.com\/wp-content\/uploads\/IMG_9496-1024x683.jpg 1024w, https:\/\/www.marathon-dunkerque.com\/wp-content\/uploads\/IMG_9496-768x512.jpg 768w, https:\/\/www.marathon-dunkerque.com\/wp-content\/uploads\/IMG_9496-1536x1024.jpg 1536w, https:\/\/www.marathon-dunkerque.com\/wp-content\/uploads\/IMG_9496-2048x1365.jpg 2048w\" sizes=\"(max-width: 300px) 100vw, 300px\" \/><\/a><\/p>\n<p><a href=\"http:\/\/www.marathon-dunkerque.com\/wp-content\/uploads\/IMG_9521-scaled.jpg\"><img loading=\"lazy\" decoding=\"async\" class=\"alignnone size-medium wp-image-5105\" src=\"http:\/\/www.marathon-dunkerque.com\/wp-content\/uploads\/IMG_9521-300x230.jpg\" alt=\"\" width=\"300\" height=\"230\" srcset=\"https:\/\/www.marathon-dunkerque.com\/wp-content\/uploads\/IMG_9521-300x230.jpg 300w, https:\/\/www.marathon-dunkerque.com\/wp-content\/uploads\/IMG_9521-1024x786.jpg 1024w, https:\/\/www.marathon-dunkerque.com\/wp-content\/uploads\/IMG_9521-768x589.jpg 768w, https:\/\/www.marathon-dunkerque.com\/wp-content\/uploads\/IMG_9521-1536x1179.jpg 1536w, https:\/\/www.marathon-dunkerque.com\/wp-content\/uploads\/IMG_9521-2048x1572.jpg 2048w\" sizes=\"(max-width: 300px) 100vw, 300px\" \/><\/a><\/p>\n<p><a href=\"http:\/\/www.marathon-dunkerque.com\/wp-content\/uploads\/IMG_9438-scaled.jpg\"><img loading=\"lazy\" decoding=\"async\" class=\"alignnone size-medium wp-image-5112\" src=\"http:\/\/www.marathon-dunkerque.com\/wp-content\/uploads\/IMG_9438-300x225.jpg\" alt=\"\" width=\"300\" height=\"225\" srcset=\"https:\/\/www.marathon-dunkerque.com\/wp-content\/uploads\/IMG_9438-300x225.jpg 300w, https:\/\/www.marathon-dunkerque.com\/wp-content\/uploads\/IMG_9438-1024x767.jpg 1024w, https:\/\/www.marathon-dunkerque.com\/wp-content\/uploads\/IMG_9438-768x575.jpg 768w, https:\/\/www.marathon-dunkerque.com\/wp-content\/uploads\/IMG_9438-1536x1150.jpg 1536w, https:\/\/www.marathon-dunkerque.com\/wp-content\/uploads\/IMG_9438-2048x1533.jpg 2048w\" sizes=\"(max-width: 300px) 100vw, 300px\" \/><\/a><\/p>\n<p><a href=\"http:\/\/www.marathon-dunkerque.com\/wp-content\/uploads\/IMG_9532-scaled.jpg\"><img loading=\"lazy\" decoding=\"async\" class=\"alignnone size-medium wp-image-5106\" src=\"http:\/\/www.marathon-dunkerque.com\/wp-content\/uploads\/IMG_9532-300x236.jpg\" alt=\"\" width=\"300\" height=\"236\" srcset=\"https:\/\/www.marathon-dunkerque.com\/wp-content\/uploads\/IMG_9532-300x236.jpg 300w, https:\/\/www.marathon-dunkerque.com\/wp-content\/uploads\/IMG_9532-1024x804.jpg 1024w, https:\/\/www.marathon-dunkerque.com\/wp-content\/uploads\/IMG_9532-768x603.jpg 768w, https:\/\/www.marathon-dunkerque.com\/wp-content\/uploads\/IMG_9532-1536x1207.jpg 1536w, https:\/\/www.marathon-dunkerque.com\/wp-content\/uploads\/IMG_9532-2048x1609.jpg 2048w\" sizes=\"(max-width: 300px) 100vw, 300px\" \/><\/a><\/p>\n<p>Concours Carnavalesque<\/p>\n<p><a href=\"http:\/\/www.marathon-dunkerque.com\/wp-content\/uploads\/IMG_9547-scaled.jpg\"><img loading=\"lazy\" decoding=\"async\" class=\"alignnone size-medium wp-image-5108\" src=\"http:\/\/www.marathon-dunkerque.com\/wp-content\/uploads\/IMG_9547-300x220.jpg\" alt=\"\" width=\"300\" height=\"220\" srcset=\"https:\/\/www.marathon-dunkerque.com\/wp-content\/uploads\/IMG_9547-300x220.jpg 300w, https:\/\/www.marathon-dunkerque.com\/wp-content\/uploads\/IMG_9547-1024x751.jpg 1024w, https:\/\/www.marathon-dunkerque.com\/wp-content\/uploads\/IMG_9547-768x563.jpg 768w, https:\/\/www.marathon-dunkerque.com\/wp-content\/uploads\/IMG_9547-1536x1126.jpg 1536w, https:\/\/www.marathon-dunkerque.com\/wp-content\/uploads\/IMG_9547-2048x1502.jpg 2048w\" sizes=\"(max-width: 300px) 100vw, 300px\" \/><\/a><\/p>\n<p>Une tombola fait toujours des heureux<\/p>\n<p><a href=\"http:\/\/www.marathon-dunkerque.com\/wp-content\/uploads\/IMG_9534-scaled.jpg\"><img loading=\"lazy\" decoding=\"async\" class=\"alignnone size-medium wp-image-5107\" src=\"http:\/\/www.marathon-dunkerque.com\/wp-content\/uploads\/IMG_9534-300x247.jpg\" alt=\"\" width=\"300\" height=\"247\" srcset=\"https:\/\/www.marathon-dunkerque.com\/wp-content\/uploads\/IMG_9534-300x247.jpg 300w, https:\/\/www.marathon-dunkerque.com\/wp-content\/uploads\/IMG_9534-1024x842.jpg 1024w, https:\/\/www.marathon-dunkerque.com\/wp-content\/uploads\/IMG_9534-768x631.jpg 768w, https:\/\/www.marathon-dunkerque.com\/wp-content\/uploads\/IMG_9534-1536x1263.jpg 1536w, https:\/\/www.marathon-dunkerque.com\/wp-content\/uploads\/IMG_9534-2048x1684.jpg 2048w\" sizes=\"(max-width: 300px) 100vw, 300px\" \/><\/a><\/p>\n<p>D&rsquo;autres photos prochainement en ligne&#8230;<\/p>\n<p>R\u00e9sultats des courses 2025 :<\/p>\n<p><a href=\"http:\/\/www.marathon-dunkerque.com\/wp-content\/uploads\/10km-resultats-2025.pdf\">10km r\u00e9sultats 2025<\/a><\/p>\n<p><a href=\"http:\/\/www.marathon-dunkerque.com\/wp-content\/uploads\/21km-resultats-2025.pdf\">21km r\u00e9sultats 2025<\/a><\/p>\n<p><a href=\"http:\/\/www.marathon-dunkerque.com\/wp-content\/uploads\/Jeunes-resultats-2025.pdf\">Jeunes r\u00e9sultats 2025<\/a><\/p>\n<p>R\u00e9sultats des courses 2024 :<\/p>\n<p><a href=\"http:\/\/www.marathon-dunkerque.com\/wp-content\/uploads\/resultats-10km-1.pdf\">r\u00e9sultats 10km<\/a><\/p>\n<p><a href=\"http:\/\/www.marathon-dunkerque.com\/wp-content\/uploads\/resultats-21km-1.pdf\">r\u00e9sultats 21km<\/a><\/p>\n<p><a href=\"http:\/\/www.marathon-dunkerque.com\/wp-content\/uploads\/resultats-course-jeunes-1.pdf\">r\u00e9sultats course jeunes<\/a><\/p>\n<p>R\u00e9sultats des courses 2023 :<\/p>\n<p><a href=\"http:\/\/www.marathon-dunkerque.com\/wp-content\/uploads\/resultats-du-semi-marathon-2023.pdf\">r\u00e9sultats du semi-marathon 2023<\/a><\/p>\n<p><a href=\"http:\/\/www.marathon-dunkerque.com\/wp-content\/uploads\/resultats-du-10km.pdf\">r\u00e9sultats du 10km<\/a><\/p>\n<p><a href=\"http:\/\/www.marathon-dunkerque.com\/wp-content\/uploads\/course-des-jeunes-2023.pdf\">course-des-jeunes 2023<\/a><\/p>\n<p>R\u00e9sultats des courses de 2022 :<\/p>\n<p><a href=\"http:\/\/www.marathon-dunkerque.com\/wp-content\/uploads\/2.8-km.pdf\">2.8 km<\/a><\/p>\n<p><a href=\"http:\/\/www.marathon-dunkerque.com\/wp-content\/uploads\/5-km.pdf\">5 km<\/a><\/p>\n<p><a href=\"http:\/\/www.marathon-dunkerque.com\/wp-content\/uploads\/21-km.pdf\">21 km<\/a><\/p>\n<p>*********************************************************************************************<\/p>\n<p>Ci-dessous le lien qui vous donne acc\u00e8s aux r\u00e9sultats du semi de Dunkerque \u00e9dition 2021 :<\/p>\n<h5><span style=\"color: #993366;\">Le podium 2021 : Ogari Stephen Barongo (1&rsquo;05&Prime;31) chez les hommes et chez les filles notre locale habitu\u00e9e au podium Isabelle Gillodts (1&rsquo;23&Prime;38).<\/span><\/h5>\n<p><a href=\"http:\/\/www.marathon-dunkerque.com\/wp-content\/uploads\/Resultats-du-semi-de-DK-edition-2021.pdf\">R\u00e9sultats du semi de DK \u00e9dition 2021<\/a><\/p>\n<p>Pas d&rsquo;\u00e9dition en 2020 \u00e0 cause du Covid.<\/p>\n<p>*********************************************************************************************<\/p>\n<p>Cliquez sur le lien ci-contre : <a href=\"https:\/\/www.facebook.com\/profile.php?id=100015384964087\">https:\/\/www.facebook.com\/profile.php?id=100015384964087<\/a><\/p>\n<p><strong>D\u00e9part de la course des Minimes et Benjamins<\/strong><br \/>\n<a href=\"http:\/\/www.marathon-dunkerque.com\/wp-content\/uploads\/R\u00e9sultats-Benjamins-Minimes-2019-1.pdf\">R\u00e9sultats Benjamins-Minimes 2019<\/a><\/p>\n<p><strong>D\u00e9part de la course Populaire <\/strong><br \/>\n<a href=\"http:\/\/www.marathon-dunkerque.com\/wp-content\/uploads\/R\u00e9sultats-Populaires-2019-1.pdf\">R\u00e9sultats Populaires 2019<\/a><\/p>\n<p><strong>D\u00e9part de la course du Semi<\/strong><br \/>\n<a href=\"http:\/\/www.marathon-dunkerque.com\/wp-content\/uploads\/R\u00e9sultats-Semi-marathon-2019.-2.pdf\">R\u00e9sultats Semi-marathon 2019.<\/a><\/p>\n<p>Pour les nostalgiques,nous avons conserv\u00e9 le lien de l&rsquo;\u00e9dition 2016<br \/>\n<a href=\"https:\/\/www.facebook.com\/photossemimarathondk\/\">https:\/\/www.facebook.com\/photossemimarathondk\/<\/a><\/p>\n","protected":false},"excerpt":{"rendered":"<p>R\u00e9sultats des courses 2026 : R\u00e9sultats Course des Jeunes 2026 R\u00e9sultats 10km &#8211; 2026 21km corrig\u00e9 au 01.04.2026 Merci aux \u00e9lus de la ville de Dunkerque d&rsquo;\u00eatre pr\u00e9sents lors de la remise des r\u00e9compenses Hicham Briki laur\u00e9at du semi de l&rsquo;\u00e9dition 2026 Les \u00ab\u00a0vieux briscards\u00a0\u00bb toujours fid\u00e8les ! Concours Carnavalesque Une tombola fait toujours des [&hellip;]<\/p>\n","protected":false},"author":2,"featured_media":0,"parent":0,"menu_order":5,"comment_status":"closed","ping_status":"open","template":"","meta":{"footnotes":""},"_links":{"self":[{"href":"https:\/\/www.marathon-dunkerque.com\/index.php?rest_route=\/wp\/v2\/pages\/1480"}],"collection":[{"href":"https:\/\/www.marathon-dunkerque.com\/index.php?rest_route=\/wp\/v2\/pages"}],"about":[{"href":"https:\/\/www.marathon-dunkerque.com\/index.php?rest_route=\/wp\/v2\/types\/page"}],"author":[{"embeddable":true,"href":"https:\/\/www.marathon-dunkerque.com\/index.php?rest_route=\/wp\/v2\/users\/2"}],"replies":[{"embeddable":true,"href":"https:\/\/www.marathon-dunkerque.com\/index.php?rest_route=%2Fwp%2Fv2%2Fcomments&post=1480"}],"version-history":[{"count":95,"href":"https:\/\/www.marathon-dunkerque.com\/index.php?rest_route=\/wp\/v2\/pages\/1480\/revisions"}],"predecessor-version":[{"id":5153,"href":"https:\/\/www.marathon-dunkerque.com\/index.php?rest_route=\/wp\/v2\/pages\/1480\/revisions\/5153"}],"wp:attachment":[{"href":"https:\/\/www.marathon-dunkerque.com\/index.php?rest_route=%2Fwp%2Fv2%2Fmedia&parent=1480"}],"curies":[{"name":"wp","href":"https:\/\/api.w.org\/{rel}","templated":true}]}}