{"id":10,"date":"2012-06-07T20:12:03","date_gmt":"2012-06-07T20:12:03","guid":{"rendered":"http:\/\/localhost:8888\/marathonWP\/?page_id=10"},"modified":"2026-05-05T04:50:29","modified_gmt":"2026-05-05T04:50:29","slug":"accueil-2","status":"publish","type":"page","link":"https:\/\/www.marathon-dunkerque.com\/","title":{"rendered":"Accueil"},"content":{"rendered":"\n<h2 class=\"wp-block-heading\"><\/h2>\n\n\n\n<div class=\"content_countdown\" id=\"main_countedown_1\"><div class=\"countdown\">\n\t\t\t\t<span class=\"element_conteiner\"><span  class=\"days time_left\">-36<\/span><span class=\"time_description\">Days<\/span><\/span>\n\t\t\t\t<span class=\"element_conteiner\"><span  class=\"hourse time_left\">-23<\/span><span class=\"time_description\">Hours<\/span><\/span>\n\t\t\t\t<span class=\"element_conteiner\"><span  class=\"minutes time_left\">-3<\/span><span class=\"time_description\">Minutes<\/span><\/span>\n\t\t\t\t<span class=\"element_conteiner\"><span  class=\"secondes time_left\">-32<\/span><span class=\"time_description\">Seconds<\/span><\/span>\n\t\t\t<\/div><\/div><script>\n        document.addEventListener('DOMContentLoaded', function(event) {\t\t\twpdevart_countdown_animated_element('','main_countedown_1'); jQuery(window).scroll(function(){wpdevart_countdown_animated_element('','main_countedown_1');});\n\t\t\tjQuery('#main_countedown_1 .countdown').html('')\n\t\t});\n\t\t<\/script><style>#main_countedown_1 .countdown{text-align:center;}#main_countedown_1 .countdown{margin-top:10px;margin-bottom:10px}#main_countedown_1 .time_left{\r\nborder-radius:8px;\r\nbackground-color:#3DA8CC;\r\nfont-size:30px;\r\nfont-family:monospace;\r\ncolor:#000000;\r\n}\r\n#main_countedown_1 .time_description{\r\nfont-size:22px;\r\nfont-family:monospace;\r\ncolor:#000000;\r\n}\r\n#main_countedown_1 .element_conteiner{min-width:105px}<\/style>\n\n\n\n<h1 class=\"wp-block-heading\"><strong> <\/strong><\/h1>\n\n\n\n<p>Les r\u00e9sultats se trouvent dans la rubrique ( r\u00e9sultats 2026&Prime;. Amis photographes, merci de me communiquer le lien de vos photos sur lequel les coureurs pourront visualiser les photos. D\u00e9j\u00e0 quelques photos en ligne&#8230;<\/p>\n\n\n\n<figure class=\"wp-block-gallery has-nested-images columns-default is-cropped wp-block-gallery-1 is-layout-flex wp-block-gallery-is-layout-flex\">\n<figure class=\"wp-block-image size-large\"><a href=\"https:\/\/www.marathon-dunkerque.com\/wp-content\/uploads\/Remerciements.jpg\"><img loading=\"lazy\" decoding=\"async\" width=\"1024\" height=\"535\" data-id=\"5096\" src=\"https:\/\/www.marathon-dunkerque.com\/wp-content\/uploads\/Remerciements-1024x535.jpg\" alt=\"\" class=\"wp-image-5096\" srcset=\"https:\/\/www.marathon-dunkerque.com\/wp-content\/uploads\/Remerciements-1024x535.jpg 1024w, https:\/\/www.marathon-dunkerque.com\/wp-content\/uploads\/Remerciements-300x157.jpg 300w, https:\/\/www.marathon-dunkerque.com\/wp-content\/uploads\/Remerciements-768x402.jpg 768w, https:\/\/www.marathon-dunkerque.com\/wp-content\/uploads\/Remerciements.jpg 1115w\" sizes=\"(max-width: 1024px) 100vw, 1024px\" \/><\/a><\/figure>\n<\/figure>\n\n\n\n<figure class=\"wp-block-gallery has-nested-images columns-default is-cropped wp-block-gallery-2 is-layout-flex wp-block-gallery-is-layout-flex\">\n<figure class=\"wp-block-image size-large\"><a href=\"https:\/\/www.marathon-dunkerque.com\/wp-content\/uploads\/Hicham-Briki.jpg\"><img loading=\"lazy\" decoding=\"async\" width=\"1024\" height=\"576\" data-id=\"5117\" src=\"https:\/\/www.marathon-dunkerque.com\/wp-content\/uploads\/Hicham-Briki-1024x576.jpg\" alt=\"\" class=\"wp-image-5117\" srcset=\"https:\/\/www.marathon-dunkerque.com\/wp-content\/uploads\/Hicham-Briki-1024x576.jpg 1024w, https:\/\/www.marathon-dunkerque.com\/wp-content\/uploads\/Hicham-Briki-300x169.jpg 300w, https:\/\/www.marathon-dunkerque.com\/wp-content\/uploads\/Hicham-Briki-768x432.jpg 768w, https:\/\/www.marathon-dunkerque.com\/wp-content\/uploads\/Hicham-Briki.jpg 1280w\" sizes=\"(max-width: 1024px) 100vw, 1024px\" \/><\/a><\/figure>\n<\/figure>\n\n\n<p style=\"text-align: center;\"><a href=\"http:\/\/www.marathon-dunkerque.com\/wp-content\/uploads\/Flyer-Recto-du-20.04.2025.jpg\">\u00a0<\/a><\/p>\n<p><a href=\"https:\/\/www.cora.fr\/magasins\/dunkerque-m-100\"><img loading=\"lazy\" decoding=\"async\" class=\"alignnone  wp-image-4762\" src=\"http:\/\/www.marathon-dunkerque.com\/wp-content\/uploads\/Capture-decran-2025-03-31-132124.jpg\" alt=\"\" width=\"221\" height=\"103\" \/>\u00a0\u00a0\u00a0\u00a0\u00a0\u00a0\u00a0\u00a0\u00a0 <\/a><a href=\"https:\/\/dunkerque.lasergame-evolution.fr\/\"><img loading=\"lazy\" decoding=\"async\" class=\"alignnone size-medium wp-image-4761\" src=\"http:\/\/www.marathon-dunkerque.com\/wp-content\/uploads\/Capture-decran-2025-03-31-131413-300x91.jpg\" alt=\"\" width=\"300\" height=\"91\" srcset=\"https:\/\/www.marathon-dunkerque.com\/wp-content\/uploads\/Capture-decran-2025-03-31-131413-300x91.jpg 300w, https:\/\/www.marathon-dunkerque.com\/wp-content\/uploads\/Capture-decran-2025-03-31-131413.jpg 340w\" sizes=\"(max-width: 300px) 100vw, 300px\" \/>\u00a0 \u00a0 \u00a0 <\/a><a href=\"https:\/\/www.running-conseil.com\/runningconseil-dunkerque.html?srsltid=AfmBOoqcSkgOMI0M8LDr95Bcn-vN6NXm4FtR9ETY5PBNGI-mE2DieACW\"><img loading=\"lazy\" decoding=\"async\" class=\"alignnone  wp-image-4763\" src=\"http:\/\/www.marathon-dunkerque.com\/wp-content\/uploads\/Capture-decran-2025-03-31-132553-300x109.jpg\" alt=\"\" width=\"223\" height=\"81\" srcset=\"https:\/\/www.marathon-dunkerque.com\/wp-content\/uploads\/Capture-decran-2025-03-31-132553-300x109.jpg 300w, https:\/\/www.marathon-dunkerque.com\/wp-content\/uploads\/Capture-decran-2025-03-31-132553.jpg 628w\" sizes=\"(max-width: 223px) 100vw, 223px\" \/><\/a><\/p>\n<h5 style=\"text-align: center;\"><span style=\"color: #3366ff;\">Ravitaillement offert par cora carrefour, 30 entr\u00e9es \u00ab\u00a0Laser Game \u00a0\u00bb offertes aux jeunes coureurs, <\/span><\/h5>\n<h5 style=\"text-align: center;\"><span style=\"color: #3366ff;\">Nombreux lots offerts par notre \u00e9quipementier pr\u00e9f\u00e9r\u00e9<\/span><\/h5>\n<p style=\"text-align: center;\">************************************************<\/p>\n<p><a href=\"http:\/\/www.marathon-dunkerque.com\/wp-content\/uploads\/Le-Bureau-2027-1.jpg\"><img loading=\"lazy\" decoding=\"async\" class=\"alignnone size-full wp-image-5172\" src=\"http:\/\/www.marathon-dunkerque.com\/wp-content\/uploads\/Le-Bureau-2027-1.jpg\" alt=\"\" width=\"858\" height=\"541\" srcset=\"https:\/\/www.marathon-dunkerque.com\/wp-content\/uploads\/Le-Bureau-2027-1.jpg 858w, https:\/\/www.marathon-dunkerque.com\/wp-content\/uploads\/Le-Bureau-2027-1-300x189.jpg 300w, https:\/\/www.marathon-dunkerque.com\/wp-content\/uploads\/Le-Bureau-2027-1-768x484.jpg 768w\" sizes=\"(max-width: 858px) 100vw, 858px\" \/><\/a><\/p>\n<p>********************************************************<\/p>\n<p>Un renseignement, une question, une seule adresse : <span style=\"color: #800080;\"><strong>semimarathoncarnaval@gmail.com<\/strong><\/span><\/p>\n<p><strong>D\u00e9couvrez les offres de nos partenaires :<\/strong><\/p>\n<p style=\"text-align: center;\"><a href=\"http:\/\/www.marathon-dunkerque.com\/wp-content\/uploads\/Sponsors-au-15.03.2025.jpg\"><img loading=\"lazy\" decoding=\"async\" class=\"alignnone size-medium wp-image-4739\" src=\"http:\/\/www.marathon-dunkerque.com\/wp-content\/uploads\/Sponsors-au-15.03.2025-300x236.jpg\" alt=\"\" width=\"300\" height=\"236\" srcset=\"https:\/\/www.marathon-dunkerque.com\/wp-content\/uploads\/Sponsors-au-15.03.2025-300x236.jpg 300w, https:\/\/www.marathon-dunkerque.com\/wp-content\/uploads\/Sponsors-au-15.03.2025-768x603.jpg 768w, https:\/\/www.marathon-dunkerque.com\/wp-content\/uploads\/Sponsors-au-15.03.2025.jpg 849w\" sizes=\"(max-width: 300px) 100vw, 300px\" \/><\/a><\/p>\n<p style=\"text-align: center;\"><a class=\"button thickbox\" title=\"Create countdown and insert in posts\/pages\" href=\"http:\/\/www.marathon-dunkerque.com\/wp-admin\/admin-ajax.php?action=wpdevart_countdown_window_manager&amp;height=750&amp;width=640\"> Add Countdown <\/a><\/p>\n<p><!--more--><\/p>","protected":false},"excerpt":{"rendered":"<p>Les r\u00e9sultats se trouvent dans la rubrique ( r\u00e9sultats 2026&Prime;. Amis photographes, merci de me communiquer le lien de vos photos sur lequel les coureurs pourront visualiser les photos. D\u00e9j\u00e0 quelques photos en ligne&#8230; \u00a0 \u00a0\u00a0\u00a0\u00a0\u00a0\u00a0\u00a0\u00a0\u00a0 \u00a0 \u00a0 \u00a0 Ravitaillement offert par cora carrefour, 30 entr\u00e9es \u00ab\u00a0Laser Game \u00a0\u00bb offertes aux jeunes coureurs, Nombreux lots [&hellip;]<\/p>\n","protected":false},"author":1,"featured_media":0,"parent":0,"menu_order":0,"comment_status":"closed","ping_status":"open","template":"","meta":{"footnotes":""},"_links":{"self":[{"href":"https:\/\/www.marathon-dunkerque.com\/index.php?rest_route=\/wp\/v2\/pages\/10"}],"collection":[{"href":"https:\/\/www.marathon-dunkerque.com\/index.php?rest_route=\/wp\/v2\/pages"}],"about":[{"href":"https:\/\/www.marathon-dunkerque.com\/index.php?rest_route=\/wp\/v2\/types\/page"}],"author":[{"embeddable":true,"href":"https:\/\/www.marathon-dunkerque.com\/index.php?rest_route=\/wp\/v2\/users\/1"}],"replies":[{"embeddable":true,"href":"https:\/\/www.marathon-dunkerque.com\/index.php?rest_route=%2Fwp%2Fv2%2Fcomments&post=10"}],"version-history":[{"count":950,"href":"https:\/\/www.marathon-dunkerque.com\/index.php?rest_route=\/wp\/v2\/pages\/10\/revisions"}],"predecessor-version":[{"id":5173,"href":"https:\/\/www.marathon-dunkerque.com\/index.php?rest_route=\/wp\/v2\/pages\/10\/revisions\/5173"}],"wp:attachment":[{"href":"https:\/\/www.marathon-dunkerque.com\/index.php?rest_route=%2Fwp%2Fv2%2Fmedia&parent=10"}],"curies":[{"name":"wp","href":"https:\/\/api.w.org\/{rel}","templated":true}]}}