{"id":536,"date":"2013-03-24T19:02:57","date_gmt":"2013-03-24T19:02:57","guid":{"rendered":"http:\/\/www.marathon-dunkerque.com\/?page_id=536"},"modified":"2025-09-08T17:05:47","modified_gmt":"2025-09-08T17:05:47","slug":"resultats","status":"publish","type":"page","link":"http:\/\/www.marathon-dunkerque.com\/?page_id=536","title":{"rendered":"R\u00e9sultats des courses"},"content":{"rendered":"<p><a href=\"http:\/\/www.marathon-dunkerque.com\/wp-content\/uploads\/Logo-Label-Bronze-2025.jpg\"><img loading=\"lazy\" decoding=\"async\" class=\"alignnone size-medium wp-image-4845\" src=\"http:\/\/www.marathon-dunkerque.com\/wp-content\/uploads\/Logo-Label-Bronze-2025-300x236.jpg\" alt=\"\" width=\"300\" height=\"236\" srcset=\"http:\/\/www.marathon-dunkerque.com\/wp-content\/uploads\/Logo-Label-Bronze-2025-300x236.jpg 300w, http:\/\/www.marathon-dunkerque.com\/wp-content\/uploads\/Logo-Label-Bronze-2025.jpg 319w\" sizes=\"(max-width: 300px) 100vw, 300px\" \/><\/a><\/p>\n<p><strong>R\u00e9sultats des courses 2025, voir l&rsquo;onglet \u00ab\u00a0R\u00e9sultats\u00a0\u00bb<\/strong><\/p>\n<p><strong>R\u00e9sultats 2024<\/strong><\/p>\n<p><a href=\"http:\/\/www.marathon-dunkerque.com\/wp-content\/uploads\/resultats-21km.pdf\">r\u00e9sultats 21km<\/a><\/p>\n<p><a href=\"http:\/\/www.marathon-dunkerque.com\/wp-content\/uploads\/resultats-10km.pdf\">r\u00e9sultats 10km<\/a><\/p>\n<p><a href=\"http:\/\/www.marathon-dunkerque.com\/wp-content\/uploads\/resultats-course-jeunes.pdf\">r\u00e9sultats course jeunes<\/a><\/p>\n<p><a href=\"http:\/\/www.marathon-dunkerque.com\/wp-content\/uploads\/Classement-virtuel-des-poussins-semi-DK-7-4-2024.pdf\">Classement virtuel des poussins semi DK 7 4 2024<\/a><\/p>\n<p><strong>R\u00e9sultats 2023<\/strong><\/p>\n<p><a href=\"http:\/\/www.marathon-dunkerque.com\/wp-content\/uploads\/resultats-du-semi-marathon-2023-1.pdf\">r\u00e9sultats du semi-marathon 2023<\/a><\/p>\n<p><a href=\"http:\/\/www.marathon-dunkerque.com\/wp-content\/uploads\/resultats-du-10km-1.pdf\">r\u00e9sultats du 10km<\/a><\/p>\n<p><a href=\"http:\/\/www.marathon-dunkerque.com\/wp-content\/uploads\/course-des-jeunes-2023-1.pdf\">course-des-jeunes 2023<\/a><\/p>\n<p><strong>R\u00e9sultats 2022<\/strong><\/p>\n<p><a href=\"http:\/\/www.marathon-dunkerque.com\/wp-content\/uploads\/2.8-km.pdf\">2.8 km<\/a><\/p>\n<p><a href=\"http:\/\/www.marathon-dunkerque.com\/wp-content\/uploads\/5-km.pdf\">5 km<\/a><\/p>\n<p><a href=\"http:\/\/www.marathon-dunkerque.com\/wp-content\/uploads\/21-km.pdf\">21 km<\/a><\/p>\n<p><strong>R\u00e9sultats 2021<\/strong><\/p>\n<p><a href=\"http:\/\/www.marathon-dunkerque.com\/wp-content\/uploads\/Resultats-du-semi-de-DK-edition-2021.pdf\">R\u00e9sultats du semi de DK \u00e9dition 2021<\/a><\/p>\n<p><a href=\"http:\/\/www.marathon-dunkerque.com\/wp-content\/uploads\/IMG_0755.jpg\"><img loading=\"lazy\" decoding=\"async\" class=\"alignnone size-medium wp-image-2786\" src=\"http:\/\/www.marathon-dunkerque.com\/wp-content\/uploads\/IMG_0755-300x200.jpg\" alt=\"\" width=\"300\" height=\"200\" srcset=\"http:\/\/www.marathon-dunkerque.com\/wp-content\/uploads\/IMG_0755-300x200.jpg 300w, http:\/\/www.marathon-dunkerque.com\/wp-content\/uploads\/IMG_0755-768x512.jpg 768w, http:\/\/www.marathon-dunkerque.com\/wp-content\/uploads\/IMG_0755-1024x683.jpg 1024w\" sizes=\"(max-width: 300px) 100vw, 300px\" \/><\/a><\/p>\n<p><a href=\"http:\/\/www.marathon-dunkerque.com\/wp-content\/uploads\/IMG_0842-1.jpg\"><img loading=\"lazy\" decoding=\"async\" class=\"alignnone size-medium wp-image-2789\" src=\"http:\/\/www.marathon-dunkerque.com\/wp-content\/uploads\/IMG_0842-1-300x200.jpg\" alt=\"\" width=\"300\" height=\"200\" srcset=\"http:\/\/www.marathon-dunkerque.com\/wp-content\/uploads\/IMG_0842-1-300x200.jpg 300w, http:\/\/www.marathon-dunkerque.com\/wp-content\/uploads\/IMG_0842-1-768x512.jpg 768w, http:\/\/www.marathon-dunkerque.com\/wp-content\/uploads\/IMG_0842-1-1024x683.jpg 1024w\" sizes=\"(max-width: 300px) 100vw, 300px\" \/><\/a><\/p>\n<p><a href=\"http:\/\/www.marathon-dunkerque.com\/wp-content\/uploads\/Depart-du-semi-3-scaled.jpg\"><img loading=\"lazy\" decoding=\"async\" class=\"alignnone size-medium wp-image-4151\" src=\"http:\/\/www.marathon-dunkerque.com\/wp-content\/uploads\/Depart-du-semi-3-300x200.jpg\" alt=\"\" width=\"300\" height=\"200\" srcset=\"http:\/\/www.marathon-dunkerque.com\/wp-content\/uploads\/Depart-du-semi-3-300x200.jpg 300w, http:\/\/www.marathon-dunkerque.com\/wp-content\/uploads\/Depart-du-semi-3-1024x683.jpg 1024w, http:\/\/www.marathon-dunkerque.com\/wp-content\/uploads\/Depart-du-semi-3-768x512.jpg 768w, http:\/\/www.marathon-dunkerque.com\/wp-content\/uploads\/Depart-du-semi-3-1536x1024.jpg 1536w, http:\/\/www.marathon-dunkerque.com\/wp-content\/uploads\/Depart-du-semi-3-2048x1365.jpg 2048w\" sizes=\"(max-width: 300px) 100vw, 300px\" \/><\/a><\/p>\n<p>Pas de r\u00e9sultats en 2020, la cause&#8230; Covid !<\/p>\n<p>Les r\u00e9sultats de l&rsquo;\u00e9dition <strong>2019<\/strong><br \/>\n<a href=\"http:\/\/www.marathon-dunkerque.com\/wp-content\/uploads\/R\u00e9sultats-Benjamins-Minimes-2019.pdf\">R\u00e9sultats Benjamins-Minimes 2019<\/a><br \/>\n<a href=\"http:\/\/www.marathon-dunkerque.com\/wp-content\/uploads\/R\u00e9sultats-Populaires-2019.pdf\">R\u00e9sultats Populaires 2019<\/a><br \/>\n<a href=\"http:\/\/www.marathon-dunkerque.com\/wp-content\/uploads\/R\u00e9sultats-Semi-marathon-2019..pdf\">R\u00e9sultats Semi-marathon 2019.<\/a><\/p>\n<p>Les r\u00e9sultats de l&rsquo;\u00e9dition <strong>2018<\/strong><br \/>\n<a href=\"http:\/\/www.marathon-dunkerque.com\/wp-content\/uploads\/R\u00e9sultats-Semi.pdf\">R\u00e9sultats Semi<\/a><br \/>\n<a href=\"http:\/\/www.marathon-dunkerque.com\/wp-content\/uploads\/R\u00e9sultats-Populaire.pdf\">R\u00e9sultats Populaire<\/a><br \/>\n<a href=\"http:\/\/www.marathon-dunkerque.com\/wp-content\/uploads\/R\u00e9sultats-Benjamins-Minimes.pdf\">R\u00e9sultats Benjamins-Minimes<\/a><\/p>\n<p>Les r\u00e9sultats de l&rsquo;\u00e9dition <strong>2017<\/strong><br \/>\n<a href=\"http:\/\/www.marathon-dunkerque.com\/wp-content\/uploads\/Classement-Populaire-2017.pdf\">Classement Populaire 2017<\/a><br \/>\n<a href=\"http:\/\/www.marathon-dunkerque.com\/wp-content\/uploads\/Classement-Semi-2017.pdf\">Classement Semi 2017<\/a><\/p>\n<p>Les r\u00e9sultats de l&rsquo;\u00e9dition <strong>2016<\/strong><br \/>\n<a href=\"http:\/\/www.marathon-dunkerque.com\/wp-content\/uploads\/R\u00e9sultats-du-6-kms-\u00e9dition-2016-2.pdf\">R\u00e9sultats du 6 kms \u00e9dition 2016<\/a><br \/>\n<a href=\"http:\/\/www.marathon-dunkerque.com\/wp-content\/uploads\/R\u00e9sultats-du-semi-\u00e9dition-2016.pdf\">R\u00e9sultats du semi \u00e9dition 2016<\/a><\/p>\n<p>Les r\u00e9sultats de l&rsquo;\u00e9dition <strong>2015<\/strong><br \/>\n<a href=\"http:\/\/www.marathon-dunkerque.com\/wp-content\/uploads\/R\u00e9sultat-du-Semi-Marathon-\u00e9dition-2015-1.pdf\">R\u00e9sultat du Semi Marathon \u00e9dition 2015<\/a><br \/>\n<a href=\"http:\/\/www.marathon-dunkerque.com\/wp-content\/uploads\/R\u00e9sultats-du-6-kms-Edition-2015-1.pdf\">R\u00e9sultats du 6 kms Edition 2015<\/a><\/p>\n<p>Les r\u00e9sultats de l&rsquo;\u00e9dition <strong>2014<\/strong><br \/>\n<a href=\"http:\/\/www.marathon-dunkerque.com\/wp-content\/uploads\/Course-des-5kms-1.pdf\">Course des 5kms<\/a><br \/>\n<a href=\"http:\/\/www.marathon-dunkerque.com\/wp-content\/uploads\/Course-du-Semi-1.pdf\">Course du Semi<\/a><\/p>\n<p>Les r\u00e9sultats de l&rsquo;\u00e9dition <strong>2013<\/strong><br \/>\n<a href=\"http:\/\/www.marathon-dunkerque.com\/wp-content\/uploads\/Populaire-2013.pdf\">Populaire 2013<\/a><\/p>\n<p><a href=\"http:\/\/www.marathon-dunkerque.com\/wp-content\/uploads\/Semi-marathon-2013.pdf\">Semi-marathon 2013<\/a><\/p>\n<p>Les r\u00e9sultats de l&rsquo;\u00e9dition <strong>2012<\/strong><br \/>\n<a href=\"http:\/\/www.marathon-dunkerque.com\/wp-content\/uploads\/Populaire.pdf\">Populaire<\/a><br \/>\n<a href=\"http:\/\/www.marathon-dunkerque.com\/wp-content\/uploads\/Semi-marathon-du-carnaval.pdf\">Semi-marathon du carnaval<\/a><\/p>\n<p><a href=\"http:\/\/www.marathon-dunkerque.com\/wp-content\/uploads\/IMG_1014.jpg\"><img loading=\"lazy\" decoding=\"async\" class=\"alignnone size-medium wp-image-2564\" src=\"http:\/\/www.marathon-dunkerque.com\/wp-content\/uploads\/IMG_1014-300x200.jpg\" alt=\"\" width=\"300\" height=\"200\" srcset=\"http:\/\/www.marathon-dunkerque.com\/wp-content\/uploads\/IMG_1014-300x200.jpg 300w, http:\/\/www.marathon-dunkerque.com\/wp-content\/uploads\/IMG_1014-768x512.jpg 768w, http:\/\/www.marathon-dunkerque.com\/wp-content\/uploads\/IMG_1014-1024x683.jpg 1024w\" sizes=\"(max-width: 300px) 100vw, 300px\" \/><\/a><\/p>\n","protected":false},"excerpt":{"rendered":"<p>R\u00e9sultats des courses 2025, voir l&rsquo;onglet \u00ab\u00a0R\u00e9sultats\u00a0\u00bb R\u00e9sultats 2024 r\u00e9sultats 21km r\u00e9sultats 10km r\u00e9sultats course jeunes Classement virtuel des poussins semi DK 7 4 2024 R\u00e9sultats 2023 r\u00e9sultats du semi-marathon 2023 r\u00e9sultats du 10km course-des-jeunes 2023 R\u00e9sultats 2022 2.8 km 5 km 21 km R\u00e9sultats 2021 R\u00e9sultats du semi de DK \u00e9dition 2021 Pas de [&hellip;]<\/p>\n","protected":false},"author":1,"featured_media":0,"parent":0,"menu_order":4,"comment_status":"closed","ping_status":"open","template":"","meta":{"footnotes":""},"_links":{"self":[{"href":"http:\/\/www.marathon-dunkerque.com\/index.php?rest_route=\/wp\/v2\/pages\/536"}],"collection":[{"href":"http:\/\/www.marathon-dunkerque.com\/index.php?rest_route=\/wp\/v2\/pages"}],"about":[{"href":"http:\/\/www.marathon-dunkerque.com\/index.php?rest_route=\/wp\/v2\/types\/page"}],"author":[{"embeddable":true,"href":"http:\/\/www.marathon-dunkerque.com\/index.php?rest_route=\/wp\/v2\/users\/1"}],"replies":[{"embeddable":true,"href":"http:\/\/www.marathon-dunkerque.com\/index.php?rest_route=%2Fwp%2Fv2%2Fcomments&post=536"}],"version-history":[{"count":89,"href":"http:\/\/www.marathon-dunkerque.com\/index.php?rest_route=\/wp\/v2\/pages\/536\/revisions"}],"predecessor-version":[{"id":4881,"href":"http:\/\/www.marathon-dunkerque.com\/index.php?rest_route=\/wp\/v2\/pages\/536\/revisions\/4881"}],"wp:attachment":[{"href":"http:\/\/www.marathon-dunkerque.com\/index.php?rest_route=%2Fwp%2Fv2%2Fmedia&parent=536"}],"curies":[{"name":"wp","href":"https:\/\/api.w.org\/{rel}","templated":true}]}}