{"id":43,"date":"2012-06-21T18:27:20","date_gmt":"2012-06-21T18:27:20","guid":{"rendered":"http:\/\/localhost:8888\/marathonWP\/?page_id=43"},"modified":"2026-01-18T22:56:00","modified_gmt":"2026-01-18T22:56:00","slug":"reglement","status":"publish","type":"page","link":"http:\/\/www.marathon-dunkerque.com\/?page_id=43","title":{"rendered":"R\u00e8glement 2026"},"content":{"rendered":"\n<p><\/p>\n\n\n<p><strong>L&rsquo;organisateur applique le r\u00e8glement FFA, le coureur est invit\u00e9 \u00e0 en prendre connaissance et s&rsquo;y conformer.<\/strong><\/p>\n<p><span style=\"color: #800080;\"><strong>Art 1 \u2013Organisation<\/strong><\/span><\/p>\n<p><strong>1-1 L&rsquo;organisateur est \u00ab l&rsquo;Association du Marathon de Dunkerque \u00bb (AMD)<\/strong><br \/>1, rue Albert Mahieu 59240 DUNKERQUE<br \/>N\u00b0 de d\u00e9claration en Sous-Pr\u00e9fecture : W594003032<br \/>N\u00b0 de SIRET : 449 201 284 000 22 &#8211; Tel\u00a0: 06 78 37 15 73<br \/>Mail\u00a0: semimarathoncarnaval@gmail.com<br \/>Avec l\u2019aide du club support \u00ab\u00a0Entente Littoral Athl\u00e9tisme Nord 59\u00a0\u00bb<br \/>N\u00b0 du club support Technique : N\u00b0 059184 &#8211; 1, rue Albert Mahieu \u00e0 Dunkerque.<\/p>\n<p><strong>1-2 Date de la manifestation<\/strong><br \/>La date retenue est le dimanche 29 mars 2026.<\/p>\n<p><strong>1-3 Adresses<\/strong><br \/>Retrait des Dossards &#8211; Stade de Flandre &#8211; Avenue de Rosendael \u00e0 Dunkerque 59240.<br \/>D\u00e9parts et Arriv\u00e9es rue Albert Mahieu \u00e0 Dunkerque.<\/p>\n<p><strong>1-4 Programme des courses<\/strong><\/p>\n<p>Trois courses au programme et un parcours marche de 700 m pour les poussins (pas de\u00a0classement).<\/p>\n<p><strong>C1<\/strong> : 9h30 : Un Semi-marathon intitul\u00e9 \u00ab semi-marathon du carnaval \u00bb\u00a0 (label bronze).<\/p>\n<p>Course de 21.1 km avec un Label R\u00e9gional qualificatif au championnat de France de semi-marathon, d\u00e9nivel\u00e9 de 10m. Le parcours est conforme au r\u00e8glement international des courses sur\u00a0route et nature (IAAF et FFA). Le kilom\u00e9trage sera indiqu\u00e9 tous les Km. Tous les engins \u00e0\u00a0roulettes, v\u00e9los, patinettes, animaux m\u00eame tenus en laisse sont formellement interdits sur le\u00a0parcours ; seuls sont autoris\u00e9s les v\u00e9los, motos, et autres v\u00e9hicules de l\u2019organisation. Des\u00a0commissaires de course (Signaleurs) seront plac\u00e9s \u00e0 chaque intersection afin d\u2019assurer la\u00a0s\u00e9curit\u00e9 et d\u2019\u00e9viter toute tricherie. Descriptions des parcours sur notre site Internet.<\/p>\n<p><strong>C2 <\/strong>: 9h45<\/p>\n<p>Une course de 10 km \u00e0 Label R\u00e9gional qualificatif au championnat de France, d\u00e9nivel\u00e9 \u00e0 10m.\u00a0Ce parcours est conforme au r\u00e8glement international des courses sur route et nature (IAAF et\u00a0FFA).<\/p>\n<p><strong>C3 <\/strong>: 9h55\u00a0\u2013 Une course r\u00e9serv\u00e9e \u00ab Benjamins, Minimes, Cadets \u00bb de 2700 m.<\/p>\n<p><strong>C4 <\/strong>: 10h00\u00a0\u2013 Un parcours de 700 m r\u00e9serv\u00e9 pour les poussins.<\/p>\n<p><a href=\"http:\/\/www.marathon-dunkerque.com\/wp-content\/uploads\/Categories-dage-FFA-.pdf\">Cat\u00e9gories d&rsquo;\u00e2ge FFA<\/a><\/p>\n<p><strong>Chap 2 \u2013 Conditions de participation<\/strong><\/p>\n<p>Les \u00e9preuves sont ouvertes \u00e0 toute personne licenci\u00e9e ou non qui r\u00e9pond aux conditions d\u2019\u00e2ge\u00a0suivantes\u00a0:<\/p>\n<p><strong>2-1 Cat\u00e9gories d\u2019\u00e2ge, voir le lien ci-dessous :<\/strong><\/p>\n<p>Cat\u00e9gories d\u2019\u00e2ge FFA<\/p>\n<p><strong>2-3 Sant\u00e9<\/strong><br \/>La loi n\u00b0 99-223 relative \u00e0 la protection de la sant\u00e9 des sportifs et \u00e0 la lutte contre le dopage, a \u00e9t\u00e9 vot\u00e9e \u00e0 l\u2019assembl\u00e9e Nationale le 23 mars 1999. Ces nouvelles dispositions obligent l\u2019ensemble des coureurs fran\u00e7ais ou \u00e9trangers \u00e0 fournir la preuve de leur aptitude \u00e0 la pratique de la course \u00e0 pied en comp\u00e9tition, aptitude justifi\u00e9e par un certificat d\u00e9livr\u00e9 par un m\u00e9decin, suite \u00e0 un examen m\u00e9dical.<\/p>\n<p><strong>2-4 Inscription, \u00ab\u00a0Licence FFA ou PPS\u00a0\u00bb<\/strong><\/p>\n<p>Conform\u00e9ment \u00e0 l\u2019article 231-2-1 du code du sport, La participation \u00e0 la comp\u00e9tition est soumise \u00e0 la pr\u00e9sentation obligatoire : Pour les personnes majeures :<\/p>\n<p><b>Les comp\u00e9titeurs doivent fournir :<\/b><\/p>\n<p>Une copie de la licence Athl\u00e9 Comp\u00e9tition, Athl\u00e9 Entreprise, Athl\u00e9 Running d\u00e9livr\u00e9 par la FFA en cours de validit\u00e9 \u00e0 la date de la manifestation Attention : les autres licences d\u00e9livr\u00e9es par la FFA (Sant\u00e9, Encadrement et D\u00e9couverte) ne sont pas accept\u00e9es.<\/p>\n<p>Pour les majeurs non licenci\u00e9s FFA, je joins une copie de l&rsquo;attestation du PPS (Parcours de Pr\u00e9vention Sant\u00e9), valide \u00e0 la date de la course (d\u00e8s le mois de janvier 2026, la date de validit\u00e9 du PPS passe \u00e0 un an et inclue une assurance responsabilit\u00e9 civile, son co\u00fbt est de 5\u20ac). T\u00e9l\u00e9chargement sur le site : <b>https:\/\/pps.athle.fr <\/b>(le certificat m\u00e9dical n&rsquo;est plus valable !).<\/p>\n<p>Les athl\u00e8tes \u00e9trangers, m\u00eame licenci\u00e9s d&rsquo;une f\u00e9d\u00e9ration affili\u00e9e \u00e0 l&rsquo;IAAF, doivent fournir un PPS (attestation papier mis en place par la FFA),<\/p>\n<p>Pour les mineurs, je joins une copie de l\u2019autorisation parentale de participation confirmant avoir r\u00e9pondu \u00ab <i>non<\/i> \u00bb \u00e0 toutes les questions du questionnaire de sant\u00e9 minist\u00e9riel. L&rsquo;organisateur n&rsquo;est pas tenu de v\u00e9rifier l&rsquo;authenticit\u00e9 des justificatifs d&rsquo;aptitude transmis et ne pourra en aucun cas \u00eatre tenu pour responsable en cas de falsification de l&rsquo;un de ces derniers.<\/p>\n<p><strong>2-5 Droit d\u2019inscription<\/strong><\/p>\n<p>Les tarifs sont affich\u00e9s sur notre site : www.marathon-dunkerque.com, onglet \u00ab\u00a0inscription\u00a0\u00bb.<\/p>\n<p><strong>Chap 3<\/strong> \u2013 les inscriptions :<\/p>\n<p>Inscriptions par Internet, celles-ci sont \u00e0 privil\u00e9gier. Cette mission est confi\u00e9e \u00e0 un sous-traitant habilit\u00e9. Voir le lien sur notre site Internet ( www.marathon-dunkerque.com ). Les inscriptions internet sont ouvertes jusqu\u2019au mercredi 25 mars minuit pr\u00e9c\u00e9dent le jour de la course. D\u00e8s l\u2019inscription effectu\u00e9e, le participant recevra un e-mail de confirmation de son inscription et du montant de la transaction. Les copies des certificats m\u00e9dicaux ou des licences sont \u00e0 joindre \u00e0 l\u2019inscription.<\/p>\n<p>Inscriptions par courrier (le bulletin) : Pour les coureurs ne disposant pas de syst\u00e8me informatis\u00e9,\u00a0les organisateurs offrent une possibilit\u00e9 de s\u2019inscrire avec le bulletin d\u2019inscription et l\u2019envoyer par\u00a0courrier \u00e0 :\u00a0<\/p>\n<p style=\"text-align: center;\">\u00a0 <strong>Jean-Fran\u00e7ois Baeckelandt &#8211; 9, rue des \u00e9coles 59240\u00a0Dunkerque<\/strong><\/p>\n<p>\uf0b7 Celui-ci doit nous parvenir avant le mercredi 25 mars. La\u00a0signature du bulletin est obligatoire pour pouvoir prendre part \u00e0 la course (sign\u00e9 par son repr\u00e9sentant l\u00e9gal pour les mineurs).<\/p>\n<p>Toute falsification du bulletin entra\u00eenera le d\u00e9classement du coureur et l\u2019impossibilit\u00e9 de r\u00e9clamer\u00a0une r\u00e9compense. Inscriptions en utilisant la fiche des clubs Inscriptions en nombre pour les\u00a0(clubs, association, \u00e9cole, &#8230;). Dans ce cas, les clubs ou groupes devront utiliser la feuille\u00a0d\u2019inscription en groupe disponible sur notre site : Celle-ci sera envoy\u00e9e informatiquement par mail\u00a0\u00e0 :\u00a0 licences ou PPS seront \u00e0 joindre avec le ch\u00e8que de r\u00e8glement \u00e0\u00a0l\u2019ordre de l\u2019AMD.<\/p>\n<p>Ils doivent \u00eatre envoy\u00e9s par courrier et doivent nous parvenir au plus tard le jeudi 26 mars. Dans\u00a0tous les cas d\u2019inscription, tout dossier sera consid\u00e9r\u00e9 comme incomplet s\u2019il ne comprend pas\u00a0l\u2019ensemble des pi\u00e8ces suivantes :<\/p>\n<ul>\n<li>Bulletin d\u2019engagement d\u00fbment compl\u00e9t\u00e9, lisible et sign\u00e9, \u2022 Ch\u00e8que de paiement des droits d\u2019engagements libell\u00e9 \u00e0 l\u2019ordre de l\u2019AMD et du PPS.<\/li>\n<\/ul>\n<ul>\n<li><span style=\"font-size: revert; color: initial;\">Dossier \u00e0 envoyer \u00e0 par la poste \u00e0 : M Jean-Fran\u00e7ois Baeckelandt &#8211; 9, rue des \u00e9coles 59240 Dunkerque<\/span><\/li>\n<\/ul>\n<p><strong>Attention\u00a0<\/strong>:<br \/>En cas de limitation du nombre d\u2019inscriptions, la priorit\u00e9 sera donn\u00e9e aux dossiers d\u2019inscriptions complets sans anomalie (PPS valide ou Licences autoris\u00e9es, inscription pay\u00e9e).<\/p>\n<h2><strong>\u00a0 \u00a0 \u00a0 \u00a0 \u00a0 \u00a0 \u00a0 AUCUNE INSCRIPTION LE JOUR DE LA COURSE !<\/strong><\/h2>\n<p>Il est rappel\u00e9 que les coureurs participent \u00e0 la comp\u00e9tition sous leur propre responsabilit\u00e9.<\/p>\n<p><strong>3-1 Athl\u00e8tes Handisport<\/strong> : Pour des raisons de s\u00e9curit\u00e9, les fauteuils ne sont pas autoris\u00e9s sur le\u00a0parcours.<\/p>\n<p><strong>3-2 Les Mineurs<\/strong> : Les athl\u00e8tes mineurs doivent \u00eatre en possession d\u2019une autorisation parentale\u00a0de participation.<\/p>\n<p>A la suite de la publication du d\u00e9cret n\u00b0 2021-564 du 7 mai 2021, la pr\u00e9sentation d\u2019un certificat\u00a0m\u00e9dical, n\u2019est plus obligatoire pour les publics mineurs. Questionnaire Sant\u00e9 : \u00e0 faire remplir par\u00a0l\u2019enfant sous contr\u00f4le des parents.<\/p>\n<p><strong>3-3 Le Dossard<\/strong><\/p>\n<p>L\u2019athl\u00e8te doit porter visiblement sur la poitrine, pendant la totalit\u00e9 de la comp\u00e9tition, dans son\u00a0int\u00e9gralit\u00e9, un dossard fourni par l\u2019organisation.<\/p>\n<p>Le dossard se porte sur la poitrine avec 4 \u00e9pingles, il doit \u00eatre visible, il est personnel, et ne peut\u00a0\u00eatre \u00e9chang\u00e9 sous peine de disqualification. Tout accompagnement (personne sans dossard)\u00a0entra\u00eenera la disqualification du concurrent. Les officiels sont habilit\u00e9s \u00e0 disqualifier tout\u00a0concurrent qui se conduirait de mani\u00e8re anti-sportive.<\/p>\n<p><strong>3-4 Retrait des dossards<\/strong><\/p>\n<p>Le retrait des dossards se fera salle Delaporte au stade des Flandres \u00e0 Dunkerque (suivre le fl\u00e9chage mis en place) sur pr\u00e9sentation d\u2019une pi\u00e8ce d\u2019identit\u00e9, aucun dossard ne sera envoy\u00e9 par\u00a0la poste. L\u2019acc\u00e8s \u00e0 la salle se fait par l\u2019avenue de Rosendael le samedi 28 mars veille de la\u00a0course de 14h00 \u00e0 18h00 et le dimanche 29 mars 2025 \u00e0 partir de 7h00 et ce, jusqu\u2019\u00e0 9h30.<\/p>\n<p><strong>3-5 R\u00e9tractation\u00a0<\/strong><\/p>\n<p>En cas de forfait, et sur pr\u00e9sentation d\u2019un certificat m\u00e9dical justifiant l\u2019absence, l\u2019organisateur\u00a0proposera le report de l\u2019inscription sur l\u2019ann\u00e9e suivante et ceci, pour toute demande d\u2019annulation\u00a0faite au minimum 6 jours avant la course.<\/p>\n<p><strong>3-6 Cession de dossards\u00a0<\/strong><\/p>\n<p>Sauf demande faite aupr\u00e8s des organisateurs, aucun transfert d\u2019inscription n\u2019est autoris\u00e9 pour\u00a0quelque motif que ce soit. Toute personne r\u00e9troc\u00e9dant son dossard \u00e0 une tierce personne sera\u00a0reconnue responsable en cas d\u2019accident survenu ou provoqu\u00e9 par cette derni\u00e8re durant l\u2019\u00e9preuve. Toute personne disposant d\u2019un dossard acquis en infraction avec le pr\u00e9sent r\u00e8glement pourra \u00eatre disqualifi\u00e9e. L\u2019organisation d\u00e9cline toute responsabilit\u00e9 en cas d\u2019accident face \u00e0 ce type de situation.<\/p>\n<p><strong>3-7 Acceptation du r\u00e8glement<\/strong><\/p>\n<p>Tout concurrent reconna\u00eet avoir pris connaissance du pr\u00e9sent r\u00e8glement et en accepter toutes les\u00a0clauses sans r\u00e9serve.<\/p>\n<p><strong>Chap 4 \u2013 Assurances<\/strong><\/p>\n<p>Conform\u00e9ment \u00e0 la r\u00e9glementation, les organisateurs ont souscrit une assurance responsabilit\u00e9\u00a0civile : MACIF n\u00b0 de Contrat 12995353.<\/p>\n<p>Responsabilit\u00e9 civile : Les organisateurs sont couverts par une assurance \u00ab responsabilit\u00e9 civile\u00a0\u00bb d\u2019organisateur d\u2019\u00e9preuves ou de comp\u00e9titions sportives sur la voie publique garantissant les\u00a0actes des membres de l\u2019organisation.\u00a0Individuelle accident : L\u2019organisation recommande \u00e0 tous les participants de souscrire une \u00abIndividuelle accident \u00bb dans le cadre de leur participation \u00e0 l\u2019\u00e9preuve. Les licenci\u00e9s b\u00e9n\u00e9ficient\u00a0des garanties accord\u00e9es par l\u2019assurance li\u00e9e \u00e0 leur licence. Il incombe aux autres participants de\u00a0souscrire une assurance personnelle couvrant les dommages corporels auxquels leur pratique\u00a0sportive peut les exposer. Les blessures, accidents, voire d\u00e9c\u00e8s des inscrits lors de leur\u00a0participation aux \u00e9preuves ou lors de leur entra\u00eenement sportif sont de leur enti\u00e8re responsabilit\u00e9.\u00a0La responsabilit\u00e9 de l\u2019organisateur ne pourra \u00eatre engag\u00e9e d\u2019aucune mani\u00e8re que ce soit.<\/p>\n<p><strong>Chap 5 \u2013 R\u00e8gles sportives<\/strong><\/p>\n<p>La comp\u00e9tition se d\u00e9roule suivant les r\u00e8gles sportives de la FFA.<\/p>\n<p><strong>5-1 Le Jury<\/strong><\/p>\n<p>Le jury est compos\u00e9 d\u2019officiels de la FFA, sous l\u2019autorit\u00e9 d\u2019un juge arbitre officiel d\u00e9sign\u00e9 par la\u00a0FFA. Les \u00e9ventuelles r\u00e9clamations peuvent \u00eatre faites conform\u00e9ment aux proc\u00e9dures f\u00e9d\u00e9rales.\u00a0Leurs d\u00e9cisions sont sans appel.<\/p>\n<p><strong>5-2 Limites Horaires<\/strong><\/p>\n<p>Le temps maximum allou\u00e9 pour le semi-marathon est de 2h45. A noter\u00a0:<\/p>\n<p>\u2013 le temps de passage maximum au ravitaillement de Bergues Km 9.7 est de\u00a0: 01h15mn<\/p>\n<p>\u2013 le temps de passage maximum au ravitaillement de Coudekerque-Village Km 15.7 est de\u00a02h00mn.<\/p>\n<p>Des membres de l\u2019organisation seront habilit\u00e9s pour arr\u00eater les coureurs hors temps limite. Dans tous les cas, et au-del\u00e0 des 2h45, tous les coureurs seront mis hors course. Leurs puces et dossards seront r\u00e9cup\u00e9r\u00e9s (voiture balai), toutefois :<\/p>\n<p>\uf0b7 Les concurrents mis hors course pourront continuer la course sous leur propre responsabilit\u00e9 et\u00a0devront se conformer aux dispositions du code de la route,<\/p>\n<p>\uf0b7 Ils auront aussi la possibilit\u00e9 de regagner l\u2019arriv\u00e9e en empruntant la voiture balais mise \u00e0\u00a0disposition,<\/p>\n<p>\uf0b7 Ils recevront, au moment de leur mise hors course, un bon cadeau sportif. Ce bon sera\u00a0\u00e9chang\u00e9 \u00e0 l\u2019arriv\u00e9e.<\/p>\n<p><strong>5-3 La Chronom\u00e9trie<\/strong><\/p>\n<p>Le chronom\u00e9trage est assur\u00e9 par transducteur \u00e9lectronique (syst\u00e8me \u00e0 puce \u00e0 fixer au lacet\u00a0chaussures). Le port d\u2019un transducteur ne correspondant \u00e0 l\u2019identit\u00e9 du porteur entra\u00eenera la\u00a0disqualification du concurrent. Le transducteur devra \u00eatre restitu\u00e9 \u00e0 l\u2019arriv\u00e9e (en cas de non\u00a0restitution il sera factur\u00e9 10 euros).<\/p>\n<p><strong>5-4 Classements<\/strong><\/p>\n<p>Les r\u00e9sultats seront publi\u00e9s sur le site d\u2019arriv\u00e9e et sur les sites internet (le notre et celui du\u00a0Challenge des Dunes de Flandre). Les classements seront affich\u00e9s dans la demi-heure suivant\u00a0les arriv\u00e9es de chaque course.<\/p>\n<p><strong>5-5 R\u00e9compenses<\/strong><\/p>\n<p>Un cadeau sportif pour tous les class\u00e9s finishers.<\/p>\n<p>Semi-marathon H et F<\/p>\n<p>Prime scratch (non cumulable avec r\u00e9compense par cat\u00e9gorie)<\/p>\n<p>Prime \u00e0 la performance<\/p>\n<p>Temps \u00e0 battre chez les H : 1h03min30s<\/p>\n<p>Temps \u00e0 battre chez les F : 1h12min21s<\/p>\n<p>Prime pour les r\u00e9gionaux<\/p>\n<p>R\u00e9compenses par cat\u00e9gories (non cumulable avec la prime scratch)<\/p>\n<p>Prime pour le Club le plus repr\u00e9sent\u00e9 (en nombre H et F)<\/p>\n<p>Course populaire H et F<\/p>\n<p>R\u00e9compense scratch<\/p>\n<p>Courses Jeunes (F et G)<\/p>\n<p>Lots ou r\u00e9compenses aux 3 premiers de chaque cat\u00e9gories (BE-MI-CA )<\/p>\n<p>M\u00e9dailles (\u00e0 confirmer)<\/p>\n<p>R\u00e9compenses pour les 3 d\u00e9guisements les plus originaux (Jury)<\/p>\n<p>Tombolas, tirage au sort sur les dossards class\u00e9s (Pr\u00e9sence indispensable).<\/p>\n<p>Lieu de remise des r\u00e9compenses salle Delaporte \u00e0 c\u00f4t\u00e9 du stade de Flandre. Pour participer au classement des r\u00e9gionaux, l\u2019athl\u00e8te devra \u00eatre inscrit avec le nom de son club FFA et son num\u00e9ro de licence. La grille de prix est consultable sur notre site :<\/p>\n<h2><strong>\u00a0 \u00a0 \u00a0 \u00a0 \u00a0 \u00a0 \u00a0 \u00a0 \u00a0 \u00a0 \u00a0 \u00a0 \u00a0www.marathon-dunkerque.com<\/strong><\/h2>\n<p><strong>\u00a0<\/strong><strong>5-6 Ravitaillements<\/strong><\/p>\n<p>3 ravitaillements sur le parcours et un \u00e0 l\u2019arriv\u00e9e.<\/p>\n<p>\uf0b7 Emplacements des ravitaillements\u00a0Semi et course 10km<\/p>\n<p>\uf0b7 Semi : avant le pont des 7 plan\u00e8tes (Coudekerque Branche)<\/p>\n<p>\uf0b7 Semi : Km 10 (\u00e0 Bergues)<\/p>\n<p>\uf0b7 Semi Km 14.5 Voie communale (Coudekerque Village)<\/p>\n<p>\uf0b7 Semi et 10 km Parking de CORA rue des forts (Coudekerque Branche) commun aux 2 courses.<\/p>\n<p>Les zones de ravitaillement sont mat\u00e9rialis\u00e9es (Pose de panneau d\u00e9but et fin de zone).<\/p>\n<p><strong>5-7 Epongeages<\/strong><\/p>\n<p>Il n\u2019y a pas de point d\u2019\u00e9pongeage.<\/p>\n<p>5-8 <strong>Les Secours<\/strong><\/p>\n<p>Un dispositif de secours est mis en place pour permettre \u00e0 nos \u00e9quipes de secours d\u2019intervenir au\u00a0plus vite sur tous les points du parcours. La s\u00e9curit\u00e9 du parcours est assur\u00e9e par :<\/p>\n<p>\uf0b7 Des Signaleurs\/b\u00e9n\u00e9voles de l\u2019organisation,<\/p>\n<p>\uf0b7 Des m\u00e9decins,<\/p>\n<p>\uf0b7 Des secouristes,<\/p>\n<p>\uf0b7 Des vigiles<\/p>\n<p>\uf0b7 La Police Municipale,<\/p>\n<p>\uf0b7 Des Cibistes.<\/p>\n<p>Les \u00e9quipes m\u00e9dicales sont habilit\u00e9es \u00e0 mettre hors course tout concurrent paraissant inapte \u00e0\u00a0poursuivre la course. Tout concurrent faisant preuve d\u2019anti-sportivit\u00e9 ou manquant de respect\u00a0envers les b\u00e9n\u00e9voles sera disqualifi\u00e9. En cas d\u2019accident, tout concurrent est tenu de porter\u00a0assistance \u00e0 la personne et de pr\u00e9venir au plus vite les organisateurs.<\/p>\n<p><strong>5-9 Consignes \u2013Vestiaires<\/strong><\/p>\n<p>L\u2019organisation met \u00e0 disposition des concurrents\u00a0:<\/p>\n<p>\uf0b7 Consigne,<\/p>\n<p>\uf0b7 Douches,<\/p>\n<p>\uf0b7 Vestiaire,<\/p>\n<p>\uf0b7 Kin\u00e9s.<\/p>\n<p><strong>Chap 6 \u2013 Annulation \/ Neutralisation de l\u2019\u00e9preuve :<\/strong><\/p>\n<p>Force Majeure : En cas de force majeure, l\u2019organisateur pourra \u00e0 tout instant mettre fin \u00e0 la\u00a0manifestation. Les participants seront pr\u00e9venus par tous les moyens possibles, ils devront alors\u00a0se conformer strictement aux directives de l\u2019organisation. Le non-respect de ces consignes\u00a0entra\u00eenera de-facto, la fin de la responsabilit\u00e9 de l\u2019organisateur. Les participants seront\u00a0rembours\u00e9s du montant pay\u00e9, d\u00e9duit des frais li\u00e9s \u00e0 l\u2019annulation : L\u2019organisateur se r\u00e9serve la\u00a0facult\u00e9 d\u2019annuler la manifestation soit sur requ\u00eate de l\u2019autorit\u00e9 administrative soit en cas de force\u00a0majeure. Aucune indemnit\u00e9 ne pourra \u00eatre vers\u00e9e \u00e0 ce titre. Les participants seront rembours\u00e9s du montant pay\u00e9, d\u00e9duit des frais li\u00e9s \u00e0 l\u2019inscription et au remboursement.<\/p>\n<p><strong>Chap 7 \u2013 Protection de l\u2019Environnement\u00a0<\/strong><\/p>\n<p>Les concurrents doivent respecter la nature ; c\u2019est pourquoi apr\u00e8s chaque ravitaillement, nous\u00a0mettons \u00e0 disposition des poubelles pour la r\u00e9cup\u00e9ration des gobelets, ou autres d\u00e9chets.\u00a0Veuillez les utiliser, nous vous en remercions. Tout abandon de mat\u00e9riel, tout jet de d\u00e9chet (ex :\u00a0gel, masques, mouchoirs papier \u2026) hors des lieux pr\u00e9vus \u00e0 cet effet, entra\u00eenera la mise hors\u00a0course du concurrent fautif. Notre course s\u2019inscrit dans le respect du d\u00e9veloppement durable.<\/p>\n<p><strong>Chap 8 \u2013 Droit \u00e0 l\u2019image\u00a0<\/strong><\/p>\n<p>Tout concurrent accepte le r\u00e8glement de cette \u00e9preuve et autorise l\u2019association du Marathon de Dunkerque (AMD) \u00e0 utiliser toutes images sur lesquelles il pourrait \u00eatre identifi\u00e9 ceci dans le\u00a0cadre de documents promotionnels et publicitaires r\u00e9alis\u00e9s et diffus\u00e9s dans le monde entier et\u00a0pour la dur\u00e9e la plus longue pr\u00e9vue par la loi, les r\u00e8glements, les trait\u00e9s en vigueur y compris\u00a0pour les prolongations \u00e9ventuelles qui pourraient \u00eatre ajout\u00e9es \u00e0 cette dur\u00e9e sans contrepartie\u00a0financi\u00e8re.<\/p>\n<p><strong>Chap 9 \u2013 CNIL\u00a0<\/strong><\/p>\n<p>Conform\u00e9ment \u00e0 la loi informatique et libert\u00e9 n\u00b0 78-17 du 11 janvier 1978, vous disposez d\u2019un\u00a0droit d\u2019acc\u00e8s et de rectification aux donn\u00e9es personnelles vous concernant. Par notre\u00a0interm\u00e9diaire, vous pouvez \u00eatre amen\u00e9 \u00e0 recevoir des propositions d\u2019autres soci\u00e9t\u00e9s ou\u00a0associations.\u00a0Si vous ne le souhaitez, il vous suffit de nous transmettre un mail \u00e0\u00a0:<\/p>\n<p><strong><u><a href=\"mailto:semimarathoncarnaval@gmail.com\">semimarathoncarnaval@gmail.com<\/a><\/u><\/strong><\/p>\n<p>en indiquant votre nom, pr\u00e9nom, adresse, votre num\u00e9ro de dossard. Idem pour la publication de vos r\u00e9sultats sur notre site (marathon-dunkerque.com) et celui de la FFA (mail cil@athle.fr) r\u00e9sultats.<\/p>\n<p>Autres\u00a0: Vigipirate \u2013 Coronavirus \u2013 Charte\u2026<\/p>\n<p><strong>ANNEXE\u00a0: B<\/strong><\/p>\n<p>Afin de faire face aux nouvelles exigences en mati\u00e8re de risques, les Organisateurs de la course\u00a0du Semi-Marathon du carnaval ont d\u00e9cid\u00e9 de mettre en application de nouvelles consignes\u00a0permettant d\u2019am\u00e9liorer la s\u00e9curit\u00e9 de son organisation.\u00a0Le regroupement des \u00ab d\u00e9parts et arriv\u00e9es \u00bb en un m\u00eame lieu situ\u00e9 rue Albert Mahieu. Cette rue\u00a0sera interdite aux stationnements et \u00e0 la circulation et les acc\u00e8s seront renforc\u00e9s par la pr\u00e9sence\u00a0d\u2019obstacles. (V\u00e9hicules en travers de la chauss\u00e9e par exemple), Les acc\u00e8s seront soumis \u00e0 des\u00a0contr\u00f4les particuliers par du personnel professionnel aguerri dans ce domaine (contr\u00f4le des\u00a0sacs,\u2026), Il n\u2019y a pas de passage de la course dans le centre des villes travers\u00e9es. Le parcours\u00a0de la course sera interdit \u00e0 la circulation routi\u00e8re dans toutes les zones urbaines, les cisaillements\u00a0de course seront am\u00e9nag\u00e9s et renforc\u00e9s par la pr\u00e9sence d\u2019agents de s\u00e9curit\u00e9 ou de police si cela\u00a0s\u2019av\u00e8re n\u00e9cessaire, les temps de course pour le semi-marathon seront ramen\u00e9s \u00e0 2h45 maxi.<\/p>\n<p>(Voir art 6- Limite Horaire), la voiture balai doit rester derri\u00e8re le dernier coureur.\u00a0Une question, une interrogation :\u00a0notre adresse e-mail :<\/p>\n<h2 style=\"text-align: center;\"><strong><u>semimarathoncarnaval@gmail.com<\/u><\/strong><\/h2>\n<p>Acceptation du r\u00e8glement, tout concurrent reconna\u00eet avoir pris connaissance du pr\u00e9sent r\u00e8glement et en accepter toutes les\u00a0clauses.<\/p>","protected":false},"excerpt":{"rendered":"<p>L&rsquo;organisateur applique le r\u00e8glement FFA, le coureur est invit\u00e9 \u00e0 en prendre connaissance et s&rsquo;y conformer. Art 1 \u2013Organisation 1-1 L&rsquo;organisateur est \u00ab l&rsquo;Association du Marathon de Dunkerque \u00bb (AMD)1, rue Albert Mahieu 59240 DUNKERQUEN\u00b0 de d\u00e9claration en Sous-Pr\u00e9fecture : W594003032N\u00b0 de SIRET : 449 201 284 000 22 &#8211; Tel\u00a0: 06 78 37 15 [&hellip;]<\/p>\n","protected":false},"author":1,"featured_media":0,"parent":0,"menu_order":6,"comment_status":"closed","ping_status":"closed","template":"","meta":{"footnotes":""},"_links":{"self":[{"href":"http:\/\/www.marathon-dunkerque.com\/index.php?rest_route=\/wp\/v2\/pages\/43"}],"collection":[{"href":"http:\/\/www.marathon-dunkerque.com\/index.php?rest_route=\/wp\/v2\/pages"}],"about":[{"href":"http:\/\/www.marathon-dunkerque.com\/index.php?rest_route=\/wp\/v2\/types\/page"}],"author":[{"embeddable":true,"href":"http:\/\/www.marathon-dunkerque.com\/index.php?rest_route=\/wp\/v2\/users\/1"}],"replies":[{"embeddable":true,"href":"http:\/\/www.marathon-dunkerque.com\/index.php?rest_route=%2Fwp%2Fv2%2Fcomments&post=43"}],"version-history":[{"count":158,"href":"http:\/\/www.marathon-dunkerque.com\/index.php?rest_route=\/wp\/v2\/pages\/43\/revisions"}],"predecessor-version":[{"id":4993,"href":"http:\/\/www.marathon-dunkerque.com\/index.php?rest_route=\/wp\/v2\/pages\/43\/revisions\/4993"}],"wp:attachment":[{"href":"http:\/\/www.marathon-dunkerque.com\/index.php?rest_route=%2Fwp%2Fv2%2Fmedia&parent=43"}],"curies":[{"name":"wp","href":"https:\/\/api.w.org\/{rel}","templated":true}]}}