{"id":41,"date":"2012-06-21T18:26:52","date_gmt":"2012-06-21T18:26:52","guid":{"rendered":"http:\/\/localhost:8888\/marathonWP\/?page_id=41"},"modified":"2026-04-29T07:42:30","modified_gmt":"2026-04-29T07:42:30","slug":"inscriptions","status":"publish","type":"page","link":"http:\/\/www.marathon-dunkerque.com\/?page_id=41","title":{"rendered":"Inscriptions 2027 (page en travaux)"},"content":{"rendered":"\n<div class=\"wp-block-file\"><a href=\"blob:http:\/\/www.marathon-dunkerque.com\/187649f2-b446-4ea9-9c68-aaeb985402f7\" class=\"wp-block-file__button wp-element-button\" download>T\u00e9l\u00e9charger<\/a><\/div>\n\n\n\n<div class=\"wp-block-file\"><\/div>\n\n\n<h4>Bulletin d&rsquo;inscription ci-dessous :<\/h4>\n<p>\u00a0<\/p>\n<h4><a style=\"font-size: revert; font-weight: revert;\" href=\"http:\/\/www.marathon-dunkerque.com\/wp-content\/uploads\/Resultats-Course-des-Jeunes-2026-2.pdf\"><br \/>R\u00e9sultats Course des Jeunes 2026<\/a><\/h4>\n<p><a href=\"http:\/\/www.marathon-dunkerque.com\/wp-content\/uploads\/Resultats-10km-2026.pdf\">R\u00e9sultats 10km &#8211; 2026<\/a><\/p>\n<p><a href=\"http:\/\/www.marathon-dunkerque.com\/wp-content\/uploads\/Resultats-21km-2026.pdf\">R\u00e9sultats 21km &#8211; 2026<\/a><\/p>\n<h4><strong> \u00ab\u00a0Classement au : <\/strong>\u00ab\u00a0Challenge de la course Populaire\u00a0\u00bb<strong>\u00a0ou <\/strong>\u00ab\u00a0Classement au challenge Course des AS\u00a0\u00bb<strong>.<\/strong><\/h4>\n<h4>Lien pour obtenir votre PPS<\/h4>\n<p><a href=\"https:\/\/pps.athle.fr\/\">https:\/\/pps.athle.fr\/<\/a><\/p>\n<p style=\"text-align: left;\">Mode op\u00e9ratoire pour obtenir votre PPS (Parcours de Pr\u00e9vention Sant\u00e9). Lien ci-dessous :<\/p>\n<p><a href=\"http:\/\/www.marathon-dunkerque.com\/wp-content\/uploads\/Mode-Operatoire-du-PPS-il-remplace-le-certificat-medical.pdf\">Mode Op\u00e9ratoire du PPS il remplace le certificat m\u00e9dical<\/a><\/p>\n<h4>Fichier des inscriptions pour les \u00ab\u00a0Groupes, Clubs, Associations\u00a0\u00bb, cliquez sur le lien ci-dessous :\u00a0<\/h4>\n<p><a href=\"http:\/\/www.marathon-dunkerque.com\/wp-content\/uploads\/Inscriptions-Collectives-10km.pdf\">Inscriptions Collectives 10km<\/a><\/p>\n<p><a href=\"http:\/\/www.marathon-dunkerque.com\/wp-content\/uploads\/Inscriptions-Collectives-semi-marathon.pdf\">Inscriptions Collectives semi marathon<\/a><\/p>\n<h4>Questionnaire de sant\u00e9 \u00e0 consulter avant l&rsquo;inscription pour les enfants mineurs :\u00a0<\/h4>\n<p><a href=\"http:\/\/www.marathon-dunkerque.com\/wp-content\/uploads\/Questionnaire-de-sante-pour-les-mineurs.pdf\">Questionnaire de sant\u00e9 pour les mineurs<\/a><\/p>\n<h4>Questionnaire de sant\u00e9 \u00e0 remplir et \u00e0 remettre lors de l&rsquo;inscription de votre enfant mineur :<\/h4>\n<p><a href=\"http:\/\/www.marathon-dunkerque.com\/wp-content\/uploads\/Attestation-Parentale-pour-les-mineurs-Doc-du-semi-de-DK-2025.pdf\">Attestation Parentale pour les mineurs &#8211; Doc du semi de DK 2025<\/a><\/p>\n<h4>Retrait des dossards :<\/h4>\n<h4>La remise des dossards se fera Salle Delaporte (Stade de Flandre) le samedi xxx 2027 de 14h \u00e0 18h00 et le dimanche xxx au matin \u00e0 compter de 7h30 et 30\u2032 avant le d\u00e9part de votre course.\u00a0<\/h4>\n<p>Lieu du retrait des dossards : Avenue de Rosendael, entr\u00e9e principale du stade de Flandres \u00e0 Dunkerque.<\/p>\n<p><a href=\"http:\/\/www.marathon-dunkerque.com\/wp-content\/uploads\/Entree-principale-salle-Delaporte-scaled.jpg\"><img loading=\"lazy\" decoding=\"async\" class=\"size-medium wp-image-3984 aligncenter\" src=\"http:\/\/www.marathon-dunkerque.com\/wp-content\/uploads\/Entree-principale-salle-Delaporte-300x200.jpg\" alt=\"\" width=\"300\" height=\"200\" srcset=\"http:\/\/www.marathon-dunkerque.com\/wp-content\/uploads\/Entree-principale-salle-Delaporte-300x200.jpg 300w, http:\/\/www.marathon-dunkerque.com\/wp-content\/uploads\/Entree-principale-salle-Delaporte-1024x683.jpg 1024w, http:\/\/www.marathon-dunkerque.com\/wp-content\/uploads\/Entree-principale-salle-Delaporte-768x512.jpg 768w, http:\/\/www.marathon-dunkerque.com\/wp-content\/uploads\/Entree-principale-salle-Delaporte-1536x1024.jpg 1536w, http:\/\/www.marathon-dunkerque.com\/wp-content\/uploads\/Entree-principale-salle-Delaporte-2048x1365.jpg 2048w\" sizes=\"(max-width: 300px) 100vw, 300px\" \/><\/a><\/p>\n<p><strong>Co\u00fbt &#8211; Horaires &#8211; Lieu de retrait des dossards :<\/strong><\/p>\n<p>Inscription par Internet jusqu&rsquo;au jeudi 26 mars 2026 \u00e0 24h00 au tarif de :<br \/>Semi &#8211; marathon <strong>18 \u20ac<\/strong> (+ frais de traitement informatique). Le samedi veille de la course, les inscriptions passent \u00e0 <strong>20\u20ac (moins 2\u20ac pour les licenci\u00e9s).<\/strong>.<\/p>\n<p>Course des 10km <strong>8\u20ac<\/strong>, les inscriptions passent \u00e0 <strong>10<\/strong>\u20ac le samedi (moins 2\u20ac pour les licenci\u00e9s). La course des jeunes reste gratuite. Pour les clubs, associations, groupes, vous pouvez utiliser la fiche collective Excel (ci-dessous).\u00a0<\/p>\n<p>Inscription possible sur place le samedi 28 mars 2026 l&rsquo;apr\u00e8s-midi, salle Delaporte du stade des Flandres \u00e0 Dunkerque de 14h \u00e0 18h.<\/p>\n<h3><strong>Jusqu\u2019au vendredi xxx 2027.<\/strong><\/h3>\n<p>\u2022 Cas 1 :<br \/>Vous \u00eates un individuel (licenci\u00e9 FFA ou non) : Utilisez les inscriptions en ligne \u00e0 partir de notre site : <strong>www.marathon-dunkerque.com<\/strong> ou en vous connectant \u00e0 partir de : <strong>semimarathoncarnaval@gmail.com<\/strong><\/p>\n<p>Vous avez la possibilit\u00e9 d&rsquo;envoyer votre inscription manuscrite par la poste :<\/p>\n<p>M Baudouin Vynck &#8211; 61, rue John Kennedy \u00e0 Dunkerque 59240<\/p>\n<p>Adresse mail : \u00a0<a href=\"mailto:inscription.semidk@gmail.com\" target=\"_blank\" rel=\"noopener\">inscription.semidk@gmail.com<\/a><strong>.<\/strong><\/p>\n<p>Attention, ce courrier doit \u00eatre r\u00e9ceptionn\u00e9 au plus tard le jeudi 26 mars (donc post\u00e9 le mercredi 25 mars au plus tard).<\/p>\n<p>\u2022 Cas n\u00b02<\/p>\n<p style=\"text-align: left;\">Vous \u00eates un club, une association, un groupe : Vous pouvez utiliser la fiche collective r\u00e9serv\u00e9e pour les inscriptions en nombre. Transmettez ensuite cette fiche \u00e0 l\u2019adresse suivante : \u00a0<a href=\"mailto:inscription.semidk@gmail.com\" target=\"_blank\" rel=\"noopener\">inscription.semidk@gmail.com<\/a><\/p>\n<p>Les copies des licences sont \u00e0 remettre avec le ch\u00e8que correspondant au montant des inscriptions, ils devront \u00eatre envoy\u00e9s parall\u00e8lement par mail \u00e0 l\u2019adresse suivante : baeckelandt.jean-francois@orange.fr et ce, avant le jeudi 26 mars 2026.\u00a0Les certificats m\u00e9dicaux ne sont plus valables et sont remplac\u00e9es par le PPS.<\/p>\n<p><a href=\"http:\/\/www.marathon-dunkerque.com\/wp-content\/uploads\/IMG_0732.jpg\"><img loading=\"lazy\" decoding=\"async\" class=\"size-medium wp-image-2573 aligncenter\" src=\"http:\/\/www.marathon-dunkerque.com\/wp-content\/uploads\/IMG_0732-300x200.jpg\" alt=\"\" width=\"300\" height=\"200\" srcset=\"http:\/\/www.marathon-dunkerque.com\/wp-content\/uploads\/IMG_0732-300x200.jpg 300w, http:\/\/www.marathon-dunkerque.com\/wp-content\/uploads\/IMG_0732-768x512.jpg 768w, http:\/\/www.marathon-dunkerque.com\/wp-content\/uploads\/IMG_0732-1024x683.jpg 1024w\" sizes=\"(max-width: 300px) 100vw, 300px\" \/><\/a><\/p>","protected":false},"excerpt":{"rendered":"<p>Bulletin d&rsquo;inscription ci-dessous : \u00a0 R\u00e9sultats Course des Jeunes 2026 R\u00e9sultats 10km &#8211; 2026 R\u00e9sultats 21km &#8211; 2026 \u00ab\u00a0Classement au : \u00ab\u00a0Challenge de la course Populaire\u00a0\u00bb\u00a0ou \u00ab\u00a0Classement au challenge Course des AS\u00a0\u00bb. Lien pour obtenir votre PPS https:\/\/pps.athle.fr\/ Mode op\u00e9ratoire pour obtenir votre PPS (Parcours de Pr\u00e9vention Sant\u00e9). Lien ci-dessous : Mode Op\u00e9ratoire du PPS [&hellip;]<\/p>\n","protected":false},"author":1,"featured_media":0,"parent":0,"menu_order":7,"comment_status":"closed","ping_status":"open","template":"","meta":{"footnotes":""},"_links":{"self":[{"href":"http:\/\/www.marathon-dunkerque.com\/index.php?rest_route=\/wp\/v2\/pages\/41"}],"collection":[{"href":"http:\/\/www.marathon-dunkerque.com\/index.php?rest_route=\/wp\/v2\/pages"}],"about":[{"href":"http:\/\/www.marathon-dunkerque.com\/index.php?rest_route=\/wp\/v2\/types\/page"}],"author":[{"embeddable":true,"href":"http:\/\/www.marathon-dunkerque.com\/index.php?rest_route=\/wp\/v2\/users\/1"}],"replies":[{"embeddable":true,"href":"http:\/\/www.marathon-dunkerque.com\/index.php?rest_route=%2Fwp%2Fv2%2Fcomments&post=41"}],"version-history":[{"count":509,"href":"http:\/\/www.marathon-dunkerque.com\/index.php?rest_route=\/wp\/v2\/pages\/41\/revisions"}],"predecessor-version":[{"id":5165,"href":"http:\/\/www.marathon-dunkerque.com\/index.php?rest_route=\/wp\/v2\/pages\/41\/revisions\/5165"}],"wp:attachment":[{"href":"http:\/\/www.marathon-dunkerque.com\/index.php?rest_route=%2Fwp%2Fv2%2Fmedia&parent=41"}],"curies":[{"name":"wp","href":"https:\/\/api.w.org\/{rel}","templated":true}]}}