{"id":33,"date":"2012-06-21T18:21:01","date_gmt":"2012-06-21T18:21:01","guid":{"rendered":"http:\/\/localhost:8888\/marathonWP\/?page_id=33"},"modified":"2026-04-29T07:34:55","modified_gmt":"2026-04-29T07:34:55","slug":"horaires","status":"publish","type":"page","link":"http:\/\/www.marathon-dunkerque.com\/?page_id=33","title":{"rendered":"Ce qu&rsquo;il faut savoir :"},"content":{"rendered":"\n<p>Edition 2027, <strong>page en travaux&#8230;<\/strong><\/p>\n\n\n\n<p>Attention \u00e0 votre PPS, le <strong>Pass Pr\u00e9vention Sant\u00e9<\/strong> vise \u00e0 s\u00e9curiser davantage la pratique et \u00e0 sensibiliser chacun aux messages cl\u00e9s de sant\u00e9.\u00a0Depuis le 1er janvier 2026, sa date de validit\u00e9 passe \u00e0 1an incluant une assurance responsabilit\u00e9 civile, son co\u00fbt est de 5\u20ac. Bien \u00e9videmment l&rsquo;ancien PPS (dur\u00e9e de validit\u00e9 de 3 mois) reste valable.\u00a0<\/p>\n\n\n<p>Un renseignement, une question, une adresse qui vient de changer : <strong>semimarathoncarnaval@gmail.com<\/strong>.<\/p>\n<p><a href=\"http:\/\/www.marathon-dunkerque.com\/wp-content\/uploads\/Localisation-Rue-Mahieu-Dunkerque-avec-coordonn\u00e9es-GPS.jpg\"><img loading=\"lazy\" decoding=\"async\" class=\"alignnone size-large wp-image-2707\" src=\"http:\/\/www.marathon-dunkerque.com\/wp-content\/uploads\/Localisation-Rue-Mahieu-Dunkerque-avec-coordonn\u00e9es-GPS-1024x300.jpg\" alt=\"\" width=\"1024\" height=\"300\" srcset=\"http:\/\/www.marathon-dunkerque.com\/wp-content\/uploads\/Localisation-Rue-Mahieu-Dunkerque-avec-coordonn\u00e9es-GPS-1024x300.jpg 1024w, http:\/\/www.marathon-dunkerque.com\/wp-content\/uploads\/Localisation-Rue-Mahieu-Dunkerque-avec-coordonn\u00e9es-GPS-300x88.jpg 300w, http:\/\/www.marathon-dunkerque.com\/wp-content\/uploads\/Localisation-Rue-Mahieu-Dunkerque-avec-coordonn\u00e9es-GPS-768x225.jpg 768w, http:\/\/www.marathon-dunkerque.com\/wp-content\/uploads\/Localisation-Rue-Mahieu-Dunkerque-avec-coordonn\u00e9es-GPS.jpg 1280w\" sizes=\"(max-width: 1024px) 100vw, 1024px\" \/><\/a><br \/><span style=\"color: #993366;\"><strong>Les diff\u00e9rentes courses propos\u00e9es :<\/strong><\/span><\/p>\n<ul>\n<li><span style=\"color: #993366;\"><strong>Une semi labellis\u00e9 R\u00e9gional, qualificatif au championnat de France.<\/strong><\/span><\/li>\n<li><span style=\"color: #993366;\"><b style=\"color: #993366;\">Un 10 kms, labellis\u00e9 R\u00e9gional.<\/b><\/span><\/li>\n<li><span style=\"color: #993366;\"><strong>Une course de 2,7 Kms propos\u00e9e aux jeunes comp\u00e9titeurs (benjamins, minimes et cadets).<\/strong><\/span><\/li>\n<li><span style=\"color: #993366;\"><b style=\"color: #993366;\">un parcours de 700m pour nos poussins <\/b><span style=\"color: #993366;\"><b>\u00e2g\u00e9s<\/b><\/span><b style=\"color: #993366;\"> de 10 et 11 ans.<\/b><\/span><\/li>\n<\/ul>\n<p><strong>Horaires<\/strong> : D\u00e9part du Semi \u00e0 9h30, le 10km d\u00e9part \u00e0 9h45, la course des jeunes d\u00e9part \u00e0 9h55 et le parcours des Poussins \u00e0 10h00, tous les d\u00e9parts rue Albert Mahieu \u00e0 cot\u00e9 du Stade de Flandre.<\/p>\n<p>Retrait des dossards le samedi xx 2027et dernier d\u00e9lai 30mn avant le d\u00e9part de votre course. Retrait au stade de Flandre (salle Delaporte), avenue de Rosendael \u00e0 Dunkerque.<\/p>\n<p>Un village course comprenant : vestiaires, consignes, douches, sanitaires, bars (caf\u00e9s, bi\u00e8re, sodas, potage&#8230;), friterie ambulante, Food truck sucr\u00e9s, kin\u00e9s, groupe carnavalesque, animateur course, grand parking \u00e0 proximit\u00e9, arr\u00eat bus.<\/p>\n<p style=\"text-align: center;\">Pour les groupes, utilisez le fichier ci-dessous :<\/p>\n<p>\u00a0 \u00a0 \u00a0 \u00a0 \u00a0 \u00a0 \u00a0 \u00a0 \u00a0 \u00a0 \u00a0 \u00a0 \u00a0 \u00a0 \u00a0 \u00a0 \u00a0 \u00a0 \u00a0 \u00a0 \u00a0 \u00a0 \u00a0 \u00a0 \u00a0 \u00a0 \u00a0 \u00a0 \u00a0 \u00a0 \u00a0 \u00a0 \u00a0 \u00a0 \u00a0 \u00a0 \u00a0 (en attente)<\/p>\n<p>Les parcours 2026 sont identiques \u00e0 l&rsquo;\u00e9dition pr\u00e9c\u00e9dente de 2025. Un seul et unique d\u00e9part rue Albert Mahieu. Quatre courses :\u00a0 \u00a021,1km &#8211; 10km &#8211; 2,7km &#8211; 700m.<a href=\"http:\/\/www.marathon-dunkerque.com\/wp-content\/uploads\/runningconseil-e1488032084737.png\"><img loading=\"lazy\" decoding=\"async\" class=\"size-medium wp-image-2141 aligncenter\" src=\"http:\/\/www.marathon-dunkerque.com\/wp-content\/uploads\/runningconseil-300x82.png\" alt=\"\" width=\"300\" height=\"82\" \/><\/a> <strong><br \/><span style=\"color: #993366;\">Une info, un conseil, n&rsquo;h\u00e9sitez pas \u00e0 contacter Running Conseil (2 magasins : Dunkerque et Lille)<\/span><\/strong><\/p>\n<h5 style=\"text-align: center;\"><a href=\"https:\/\/www.running-conseil.com\/actualite-running-conseil\/category\/running-conseil-dunkerque.html\">https:\/\/www.running-conseil.com\/actualite-running-conseil\/category\/running-conseil-dunkerque.html<\/a><\/h5>\n<p><strong>Ravitaillements <\/strong>: Merci aux comp\u00e9titeurs de respecter les poubelles mises \u00e0 votre disposition apr\u00e8s les zones de ravitaillements, courez \u00e9colo !<br \/><a href=\"http:\/\/www.marathon-dunkerque.com\/wp-content\/uploads\/Logo-environnement.jpg\"><img loading=\"lazy\" decoding=\"async\" class=\"alignnone size-medium wp-image-2687\" src=\"http:\/\/www.marathon-dunkerque.com\/wp-content\/uploads\/Logo-environnement-249x300.jpg\" alt=\"\" width=\"249\" height=\"300\" srcset=\"http:\/\/www.marathon-dunkerque.com\/wp-content\/uploads\/Logo-environnement-249x300.jpg 249w, http:\/\/www.marathon-dunkerque.com\/wp-content\/uploads\/Logo-environnement.jpg 330w\" sizes=\"(max-width: 249px) 100vw, 249px\" \/><\/a><\/p>","protected":false},"excerpt":{"rendered":"<p>Edition 2027, page en travaux&#8230; Attention \u00e0 votre PPS, le Pass Pr\u00e9vention Sant\u00e9 vise \u00e0 s\u00e9curiser davantage la pratique et \u00e0 sensibiliser chacun aux messages cl\u00e9s de sant\u00e9.\u00a0Depuis le 1er janvier 2026, sa date de validit\u00e9 passe \u00e0 1an incluant une assurance responsabilit\u00e9 civile, son co\u00fbt est de 5\u20ac. Bien \u00e9videmment l&rsquo;ancien PPS (dur\u00e9e de [&hellip;]<\/p>\n","protected":false},"author":1,"featured_media":0,"parent":0,"menu_order":3,"comment_status":"closed","ping_status":"closed","template":"","meta":{"footnotes":""},"_links":{"self":[{"href":"http:\/\/www.marathon-dunkerque.com\/index.php?rest_route=\/wp\/v2\/pages\/33"}],"collection":[{"href":"http:\/\/www.marathon-dunkerque.com\/index.php?rest_route=\/wp\/v2\/pages"}],"about":[{"href":"http:\/\/www.marathon-dunkerque.com\/index.php?rest_route=\/wp\/v2\/types\/page"}],"author":[{"embeddable":true,"href":"http:\/\/www.marathon-dunkerque.com\/index.php?rest_route=\/wp\/v2\/users\/1"}],"replies":[{"embeddable":true,"href":"http:\/\/www.marathon-dunkerque.com\/index.php?rest_route=%2Fwp%2Fv2%2Fcomments&post=33"}],"version-history":[{"count":170,"href":"http:\/\/www.marathon-dunkerque.com\/index.php?rest_route=\/wp\/v2\/pages\/33\/revisions"}],"predecessor-version":[{"id":5160,"href":"http:\/\/www.marathon-dunkerque.com\/index.php?rest_route=\/wp\/v2\/pages\/33\/revisions\/5160"}],"wp:attachment":[{"href":"http:\/\/www.marathon-dunkerque.com\/index.php?rest_route=%2Fwp%2Fv2%2Fmedia&parent=33"}],"curies":[{"name":"wp","href":"https:\/\/api.w.org\/{rel}","templated":true}]}}